{"id":1377,"date":"2021-06-23T11:16:05","date_gmt":"2021-06-23T09:16:05","guid":{"rendered":"https:\/\/sandra-mars.com\/?page_id=1377"},"modified":"2026-04-06T18:06:00","modified_gmt":"2026-04-06T16:06:00","slug":"o-meni-3","status":"publish","type":"page","link":"https:\/\/sandra-mars.com\/en\/o-meni-3\/","title":{"rendered":"O meni"},"content":{"rendered":"<div data-elementor-type=\"wp-page\" data-elementor-id=\"1377\" class=\"elementor elementor-1377\">\n\t\t\t\t\t\t<section class=\"elementor-section elementor-top-section elementor-element elementor-element-ab042cc elementor-section-boxed elementor-section-height-default elementor-section-height-default wpr-particle-no wpr-jarallax-no wpr-parallax-no wpr-sticky-section-no\" data-id=\"ab042cc\" data-element_type=\"section\" data-e-type=\"section\">\n\t\t\t\t\t\t<div class=\"elementor-container elementor-column-gap-default\">\n\t\t\t\t\t<div class=\"elementor-column elementor-col-100 elementor-top-column elementor-element elementor-element-2694036\" data-id=\"2694036\" data-element_type=\"column\" data-e-type=\"column\">\n\t\t\t<div class=\"elementor-widget-wrap elementor-element-populated\">\n\t\t\t\t\t\t<div class=\"elementor-element elementor-element-e866e94 elementor-widget elementor-widget-heading\" data-id=\"e866e94\" data-element_type=\"widget\" data-e-type=\"widget\" data-widget_type=\"heading.default\">\n\t\t\t\t<div class=\"elementor-widget-container\">\n\t\t\t\t\t<h2 class=\"elementor-heading-title elementor-size-default\">O meni in mojem poslanstvu<\/h2>\t\t\t\t<\/div>\n\t\t\t\t<\/div>\n\t\t\t\t\t<\/div>\n\t\t<\/div>\n\t\t\t\t\t<\/div>\n\t\t<\/section>\n\t\t\t\t<section class=\"elementor-section elementor-top-section elementor-element elementor-element-d851939 elementor-section-boxed elementor-section-height-default elementor-section-height-default wpr-particle-no wpr-jarallax-no wpr-parallax-no wpr-sticky-section-no\" data-id=\"d851939\" data-element_type=\"section\" data-e-type=\"section\" data-settings=\"{&quot;background_background&quot;:&quot;classic&quot;}\">\n\t\t\t\t\t\t<div class=\"elementor-container elementor-column-gap-default\">\n\t\t\t\t\t<div class=\"elementor-column elementor-col-50 elementor-top-column elementor-element elementor-element-ca3cb30\" data-id=\"ca3cb30\" data-element_type=\"column\" data-e-type=\"column\">\n\t\t\t<div class=\"elementor-widget-wrap elementor-element-populated\">\n\t\t\t\t\t\t<div class=\"elementor-element elementor-element-80a2ee3 elementor-widget elementor-widget-image\" data-id=\"80a2ee3\" data-element_type=\"widget\" data-e-type=\"widget\" data-widget_type=\"image.default\">\n\t\t\t\t<div class=\"elementor-widget-container\">\n\t\t\t\t\t\t\t\t\t\t\t\t\t\t\t<img decoding=\"async\" src=\"https:\/\/sandra-mars.com\/wp-content\/uploads\/2023\/06\/sandra-mars-uresnicite-svojo-poslanstvo-1.jpg\" title=\"sandra-mars-uresni\u010dite-svojo-poslanstvo\" alt=\"sandra-mars-uresni\u010dite-svojo-poslanstvo\" loading=\"lazy\" \/>\t\t\t\t\t\t\t\t\t\t\t\t\t\t\t<\/div>\n\t\t\t\t<\/div>\n\t\t\t\t\t<\/div>\n\t\t<\/div>\n\t\t\t\t<div class=\"elementor-column elementor-col-50 elementor-top-column elementor-element elementor-element-9e6c211\" data-id=\"9e6c211\" data-element_type=\"column\" data-e-type=\"column\">\n\t\t\t<div class=\"elementor-widget-wrap elementor-element-populated\">\n\t\t\t\t\t\t<div class=\"elementor-element elementor-element-2a1b033 elementor-widget elementor-widget-heading\" data-id=\"2a1b033\" data-element_type=\"widget\" data-e-type=\"widget\" data-widget_type=\"heading.default\">\n\t\t\t\t<div class=\"elementor-widget-container\">\n\t\t\t\t\t<h2 class=\"elementor-heading-title elementor-size-default\">Moje ime je Sandra Mars in sem motivacijska mindset mentorica za \u017eenske po 4 Elle metodi.  \n4 Elle je kratica, ki predstavlja Limitless, Luxurious, Love Life. Gre za mojo avtorsko metodo, ki ti bo omogo\u010dila premik iz stresa v strast in preskok iz obto\u017eevanja v obo\u017eevanje sebe. Sem mojstrica osebne metamorfoze in strokovnjakinja za partnerske odnose, specializirana za delo z \u017eenskami. <br>Delujem kot energijska celostna terapevtka, izvajam razli\u010dne energijske terapije in energijske tranzmisije ter poglobljena intuicijska svetovanja.\nMoje poslanstvo je, da ti pomagam do preobrazbe, ki sem je bila dele\u017ena tudi sama in, da te pospremim na pot od izpraznjenosti v polnost in izpolnjenost.\nPoka\u017eem ti kako najti tisto osebno zadovoljstvo in notranji mir v tem noro zahtevnem svetu, ki je postavljen tako, da ru\u0161i \u017eensko ravnovesje in ti povem kako zase ustvari\u0161 strastno in avtenti\u010dno partnerstvo, uresni\u010di\u0161 svoje sanje in kreira\u0161 izpolnjujo\u010de \u017eivljenje v katerem bo\u0161 u\u017eivala. \nTukaj sem zate, da te pri tem motiviram, vodim in podpiram. Predam ti vsa znanja in vsa najbolj u\u010dinkovita orodja, ki preverjeno delujejo s katerimi sem tudi sama spremenila svoje \u017eivljenje.\nNe odla\u0161at. Veliko preve\u010d \u010dasa si \u010dakala nase in na svoje \u017eivljenje.\n<\/h2>\t\t\t\t<\/div>\n\t\t\t\t<\/div>\n\t\t\t\t\t<\/div>\n\t\t<\/div>\n\t\t\t\t\t<\/div>\n\t\t<\/section>\n\t\t\t\t<section class=\"elementor-section elementor-top-section elementor-element elementor-element-ec92737 elementor-reverse-mobile elementor-section-boxed elementor-section-height-default elementor-section-height-default wpr-particle-no wpr-jarallax-no wpr-parallax-no wpr-sticky-section-no\" data-id=\"ec92737\" data-element_type=\"section\" data-e-type=\"section\" data-settings=\"{&quot;background_background&quot;:&quot;classic&quot;}\">\n\t\t\t\t\t\t<div class=\"elementor-container elementor-column-gap-default\">\n\t\t\t\t\t<div class=\"elementor-column elementor-col-50 elementor-top-column elementor-element elementor-element-11f57e1\" data-id=\"11f57e1\" data-element_type=\"column\" data-e-type=\"column\">\n\t\t\t<div class=\"elementor-widget-wrap elementor-element-populated\">\n\t\t\t\t\t\t<div class=\"elementor-element elementor-element-d39291b elementor-widget elementor-widget-heading\" data-id=\"d39291b\" data-element_type=\"widget\" data-e-type=\"widget\" data-widget_type=\"heading.default\">\n\t\t\t\t<div class=\"elementor-widget-container\">\n\t\t\t\t\t<h2 class=\"elementor-heading-title elementor-size-default\">Dolgo let sem bila prepri\u010dana, da sta konstanten stres in nemir, cena, ki ju morem pla\u010devati, da lahko imam vse.\n\u017divela sem v zavidljivem in navidezno popolnem svetu z lepo slu\u017ebo, uspe\u0161no kariero in sre\u010dno dru\u017eino a sem bila preve\u010d izmu\u010dena, stresirana in izpraznjena, da bi lahko zares u\u017eivala v njem.\n\nNenehno sem hitela za dru\u017ebenimi visokimi standardi in lovila svoje nemogo\u010de zahteve sama do sebe. Neprestano sem izpolnjevala vsa pri\u010dakovanja, ki so jih drugi imeli do mene in vsem le podrejeno ugajala in ustregala.\u00a0 Razdajala sem se in sem razpr\u0161evala svojo energijo na vse konce in kraje do te mere, da nisem ve\u010d na\u0161la sebe v tej nori dirki.\n\nMnogo let sem bila ujeta v \u0161katlo, ki je bila zame premajhna in preozka. \u010ceprav sem imela vse kar bi si \u010dlovek lahko \u017eelel, sem se\u00a0po\u010dutila utesnjeno in nezadovoljno. Nisem \u017eivela sebe ampak sem \u017eivela skozi vse vloge, katere sem mislila, da morem izpolnjevati.\n\nBila sem ujeta v lastni je\u010di prepri\u010danja, da morem vsem ustrezat \u00a0in vse zadovoljit, ker se nisem cenila in se nisem imela rada. Ko i\u0161\u010de\u0161 potrditve zunaj sebe, je tvoja samopodoba odvisna od drugih. Ko i\u0161\u010de\u0161 lastno vrednost v okolici, je ta vedno pogojena s tem koliko si uporabna ali koristna oz. \u2018\u2019ubogljiva\u2019\u2019 in ni resni\u010dna. Ko se nima\u0161 rada posku\u0161a\u0161 na vse na\u010dine to notranjo praznino tudi zapolnit s prehrano in raznimi razvadami a je to jama brez dna, ki nima konca.\u00a0<\/h2>\t\t\t\t<\/div>\n\t\t\t\t<\/div>\n\t\t\t\t\t<\/div>\n\t\t<\/div>\n\t\t\t\t<div class=\"elementor-column elementor-col-50 elementor-top-column elementor-element elementor-element-09694ba\" data-id=\"09694ba\" data-element_type=\"column\" data-e-type=\"column\">\n\t\t\t<div class=\"elementor-widget-wrap elementor-element-populated\">\n\t\t\t\t\t\t<div class=\"elementor-element elementor-element-98c391f elementor-widget elementor-widget-image\" data-id=\"98c391f\" data-element_type=\"widget\" data-e-type=\"widget\" data-widget_type=\"image.default\">\n\t\t\t\t<div class=\"elementor-widget-container\">\n\t\t\t\t\t\t\t\t\t\t\t\t<figure class=\"wp-caption\">\n\t\t\t\t\t\t\t\t\t\t<img fetchpriority=\"high\" decoding=\"async\" width=\"810\" height=\"847\" src=\"https:\/\/sandra-mars.com\/wp-content\/uploads\/2023\/06\/sandra-mars-energijska-psihoterapija-terapija-979x1024.jpg\" class=\"attachment-large size-large wp-image-20985\" alt=\"\" srcset=\"https:\/\/sandra-mars.com\/wp-content\/uploads\/2023\/06\/sandra-mars-energijska-psihoterapija-terapija-979x1024.jpg 979w, https:\/\/sandra-mars.com\/wp-content\/uploads\/2023\/06\/sandra-mars-energijska-psihoterapija-terapija-350x366.jpg 350w, https:\/\/sandra-mars.com\/wp-content\/uploads\/2023\/06\/sandra-mars-energijska-psihoterapija-terapija-680x711.jpg 680w, https:\/\/sandra-mars.com\/wp-content\/uploads\/2023\/06\/sandra-mars-energijska-psihoterapija-terapija-287x300.jpg 287w, https:\/\/sandra-mars.com\/wp-content\/uploads\/2023\/06\/sandra-mars-energijska-psihoterapija-terapija-768x803.jpg 768w, https:\/\/sandra-mars.com\/wp-content\/uploads\/2023\/06\/sandra-mars-energijska-psihoterapija-terapija-11x12.jpg 11w, https:\/\/sandra-mars.com\/wp-content\/uploads\/2023\/06\/sandra-mars-energijska-psihoterapija-terapija.jpg 1000w\" sizes=\"(max-width: 810px) 100vw, 810px\" \/>\t\t\t\t\t\t\t\t\t\t\t<figcaption class=\"widget-image-caption wp-caption-text\">Iz stresa v strast, iz obto\u017eevanja v obo\u017eevanje sebe.<\/figcaption>\n\t\t\t\t\t\t\t\t\t\t<\/figure>\n\t\t\t\t\t\t\t\t\t<\/div>\n\t\t\t\t<\/div>\n\t\t\t\t\t<\/div>\n\t\t<\/div>\n\t\t\t\t\t<\/div>\n\t\t<\/section>\n\t\t\t\t<section class=\"elementor-section elementor-top-section elementor-element elementor-element-98a0a97 elementor-section-boxed elementor-section-height-default elementor-section-height-default wpr-particle-no wpr-jarallax-no wpr-parallax-no wpr-sticky-section-no\" data-id=\"98a0a97\" data-element_type=\"section\" data-e-type=\"section\" data-settings=\"{&quot;background_background&quot;:&quot;classic&quot;}\">\n\t\t\t\t\t\t<div class=\"elementor-container elementor-column-gap-default\">\n\t\t\t\t\t<div class=\"elementor-column elementor-col-50 elementor-top-column elementor-element elementor-element-f88f37c\" data-id=\"f88f37c\" data-element_type=\"column\" data-e-type=\"column\">\n\t\t\t<div class=\"elementor-widget-wrap elementor-element-populated\">\n\t\t\t\t\t\t<div class=\"elementor-element elementor-element-a11b443 elementor-widget elementor-widget-image\" data-id=\"a11b443\" data-element_type=\"widget\" data-e-type=\"widget\" data-widget_type=\"image.default\">\n\t\t\t\t<div class=\"elementor-widget-container\">\n\t\t\t\t\t\t\t\t\t\t\t\t<figure class=\"wp-caption\">\n\t\t\t\t\t\t\t\t\t\t<img decoding=\"async\" width=\"1500\" height=\"1000\" src=\"https:\/\/sandra-mars.com\/wp-content\/uploads\/2023\/06\/Sandra-Mars-zenska-energija-1.jpg\" class=\"attachment-2048x2048 size-2048x2048 wp-image-20737\" alt=\"\" srcset=\"https:\/\/sandra-mars.com\/wp-content\/uploads\/2023\/06\/Sandra-Mars-zenska-energija-1.jpg 1500w, https:\/\/sandra-mars.com\/wp-content\/uploads\/2023\/06\/Sandra-Mars-zenska-energija-1-350x233.jpg 350w, https:\/\/sandra-mars.com\/wp-content\/uploads\/2023\/06\/Sandra-Mars-zenska-energija-1-680x453.jpg 680w, https:\/\/sandra-mars.com\/wp-content\/uploads\/2023\/06\/Sandra-Mars-zenska-energija-1-300x200.jpg 300w, https:\/\/sandra-mars.com\/wp-content\/uploads\/2023\/06\/Sandra-Mars-zenska-energija-1-1024x683.jpg 1024w, https:\/\/sandra-mars.com\/wp-content\/uploads\/2023\/06\/Sandra-Mars-zenska-energija-1-768x512.jpg 768w, https:\/\/sandra-mars.com\/wp-content\/uploads\/2023\/06\/Sandra-Mars-zenska-energija-1-18x12.jpg 18w\" sizes=\"(max-width: 1500px) 100vw, 1500px\" \/>\t\t\t\t\t\t\t\t\t\t\t<figcaption class=\"widget-image-caption wp-caption-text\">Tvoje sanjsko \u017eivljenje \u017ee dolgo \u010dasa \u010daka nate in ti to dobro ve\u0161. Kaj pa ti \u010daka\u0161?<\/figcaption>\n\t\t\t\t\t\t\t\t\t\t<\/figure>\n\t\t\t\t\t\t\t\t\t<\/div>\n\t\t\t\t<\/div>\n\t\t\t\t\t<\/div>\n\t\t<\/div>\n\t\t\t\t<div class=\"elementor-column elementor-col-50 elementor-top-column elementor-element elementor-element-9c1e948\" data-id=\"9c1e948\" data-element_type=\"column\" data-e-type=\"column\">\n\t\t\t<div class=\"elementor-widget-wrap elementor-element-populated\">\n\t\t\t\t\t\t<div class=\"elementor-element elementor-element-c08082f elementor-widget elementor-widget-heading\" data-id=\"c08082f\" data-element_type=\"widget\" data-e-type=\"widget\" data-widget_type=\"heading.default\">\n\t\t\t\t<div class=\"elementor-widget-container\">\n\t\t\t\t\t<h2 class=\"elementor-heading-title elementor-size-default\">Uspelo mi je popolnoma transformirati svoje \u017eivljenje.\nObrnila sem svoja omejujo\u010da prepri\u010danja v obratna prepri\u010danja, ki mi sedaj slu\u017eijo in me podpirajo pri doseganju lastne sre\u010de.\nOzdravila sem svoje negativne vzorce in ustavila sem svoje destruktivne podzavestne programe, ki so mi dopovedovali, da nisem dovolj in, da nisem vredna. Vzljubila sem se in za\u010dela sem se poslu\u0161at, sli\u0161at in upo\u0161tevat.\nPustila sem toksi\u010dne odnose in se umaknila od ljudi, ki so z mano manipulirali. Pustila sem to kar bi za ve\u010dino ljudi predstavljalo sanjsko slu\u017ebo, katero sem pa sama sovra\u017eila, ker ni bila skladna s tem kar jaz sem. &nbsp;Podala sem se na pot svojega poslanstva in \u0161la za svojimi sanjami. Na\u0161la sem pogum in mo\u010d v sebi. Svoje \u017eivljenje sem obrnila na glavo in \u0161la ven iz ujetni\u0161tva svoje neudobne cone udobja in zadihala s polni plju\u010di. Za\u010dela sem \u017eiveti sebe. Za\u010dela sem \u017eiveti&nbsp; zase. Postala sem kraljica in kreatorka&nbsp; svojega \u017eivljenja.\nSi to zase \u017eeli\u0161? Kontaktiraj me in ne odla\u0161aj. <\/h2>\t\t\t\t<\/div>\n\t\t\t\t<\/div>\n\t\t\t\t\t<\/div>\n\t\t<\/div>\n\t\t\t\t\t<\/div>\n\t\t<\/section>\n\t\t\t\t<section class=\"elementor-section elementor-top-section elementor-element elementor-element-e44da90 elementor-section-boxed elementor-section-height-default elementor-section-height-default wpr-particle-no wpr-jarallax-no wpr-parallax-no wpr-sticky-section-no\" data-id=\"e44da90\" data-element_type=\"section\" data-e-type=\"section\">\n\t\t\t\t\t\t<div class=\"elementor-container elementor-column-gap-default\">\n\t\t\t\t\t<div class=\"elementor-column elementor-col-50 elementor-top-column elementor-element elementor-element-9c43036\" data-id=\"9c43036\" data-element_type=\"column\" data-e-type=\"column\">\n\t\t\t<div class=\"elementor-widget-wrap elementor-element-populated\">\n\t\t\t\t\t\t<div class=\"elementor-element elementor-element-f273e91 elementor-widget elementor-widget-video\" data-id=\"f273e91\" data-element_type=\"widget\" data-e-type=\"widget\" data-settings=\"{&quot;youtube_url&quot;:&quot;https:\\\/\\\/www.youtube.com\\\/watch?v=pZbGOQoaT9I&amp;ab_channel=KlaraBeltram&quot;,&quot;video_type&quot;:&quot;youtube&quot;,&quot;controls&quot;:&quot;yes&quot;}\" data-widget_type=\"video.default\">\n\t\t\t\t<div class=\"elementor-widget-container\">\n\t\t\t\t\t\t\t<div class=\"elementor-wrapper elementor-open-inline\">\n\t\t\t<div class=\"elementor-video\"><\/div>\t\t<\/div>\n\t\t\t\t\t\t<\/div>\n\t\t\t\t<\/div>\n\t\t\t\t\t<\/div>\n\t\t<\/div>\n\t\t\t\t<div class=\"elementor-column elementor-col-50 elementor-top-column elementor-element elementor-element-192786c\" data-id=\"192786c\" data-element_type=\"column\" data-e-type=\"column\">\n\t\t\t<div class=\"elementor-widget-wrap\">\n\t\t\t\t\t\t\t<\/div>\n\t\t<\/div>\n\t\t\t\t\t<\/div>\n\t\t<\/section>\n\t\t\t\t<\/div>","protected":false},"excerpt":{"rendered":"<p>O meni in mojem poslanstvu Moje ime je Sandra Mars in sem motivacijska mindset mentorica za \u017eenske po 4 Elle metodi. 4 Elle je kratica, ki predstavlja Limitless, Luxurious, Love Life. Gre za mojo avtorsko metodo, ki ti bo omogo\u010dila premik iz stresa v strast in preskok iz obto\u017eevanja v obo\u017eevanje sebe. Sem mojstrica osebne &hellip; <\/p>","protected":false},"author":1,"featured_media":0,"parent":0,"menu_order":0,"comment_status":"closed","ping_status":"closed","template":"elementor_header_footer","meta":{"footnotes":""},"class_list":["post-1377","page","type-page","status-publish","hentry","grid-sizer"],"yoast_head":"<!-- This site is optimized with the Yoast SEO plugin v27.3 - https:\/\/yoast.com\/product\/yoast-seo-wordpress\/ -->\n<title>O meni -<\/title>\n<meta name=\"robots\" content=\"index, follow, max-snippet:-1, max-image-preview:large, max-video-preview:-1\" \/>\n<link rel=\"canonical\" href=\"https:\/\/sandra-mars.com\/en\/o-meni-3\/\" \/>\n<meta property=\"og:locale\" content=\"en_US\" \/>\n<meta property=\"og:type\" content=\"article\" \/>\n<meta property=\"og:title\" content=\"O meni -\" \/>\n<meta property=\"og:description\" content=\"O meni in mojem poslanstvu Moje ime je Sandra Mars in sem motivacijska mindset mentorica za \u017eenske po 4 Elle metodi. 4 Elle je kratica, ki predstavlja Limitless, Luxurious, Love Life. Gre za mojo avtorsko metodo, ki ti bo omogo\u010dila premik iz stresa v strast in preskok iz obto\u017eevanja v obo\u017eevanje sebe. Sem mojstrica osebne &hellip;\" \/>\n<meta property=\"og:url\" content=\"https:\/\/sandra-mars.com\/en\/o-meni-3\/\" \/>\n<meta property=\"article:modified_time\" content=\"2026-04-06T16:06:00+00:00\" \/>\n<meta property=\"og:image\" content=\"https:\/\/sandra-mars.com\/wp-content\/uploads\/2023\/06\/sandra-mars-uresnicite-svojo-poslanstvo-1.jpg\" \/>\n<meta name=\"twitter:card\" content=\"summary_large_image\" \/>\n<meta name=\"twitter:label1\" content=\"Est. reading time\" \/>\n\t<meta name=\"twitter:data1\" content=\"4 minutes\" \/>\n<script type=\"application\/ld+json\" class=\"yoast-schema-graph\">{\"@context\":\"https:\\\/\\\/schema.org\",\"@graph\":[{\"@type\":\"WebPage\",\"@id\":\"https:\\\/\\\/sandra-mars.com\\\/o-meni-3\\\/\",\"url\":\"https:\\\/\\\/sandra-mars.com\\\/o-meni-3\\\/\",\"name\":\"O meni -\",\"isPartOf\":{\"@id\":\"https:\\\/\\\/sandra-mars.com\\\/#website\"},\"primaryImageOfPage\":{\"@id\":\"https:\\\/\\\/sandra-mars.com\\\/o-meni-3\\\/#primaryimage\"},\"image\":{\"@id\":\"https:\\\/\\\/sandra-mars.com\\\/o-meni-3\\\/#primaryimage\"},\"thumbnailUrl\":\"https:\\\/\\\/sandra-mars.com\\\/wp-content\\\/uploads\\\/2023\\\/06\\\/sandra-mars-uresnicite-svojo-poslanstvo-1.jpg\",\"datePublished\":\"2021-06-23T09:16:05+00:00\",\"dateModified\":\"2026-04-06T16:06:00+00:00\",\"breadcrumb\":{\"@id\":\"https:\\\/\\\/sandra-mars.com\\\/o-meni-3\\\/#breadcrumb\"},\"inLanguage\":\"en-US\",\"potentialAction\":[{\"@type\":\"ReadAction\",\"target\":[\"https:\\\/\\\/sandra-mars.com\\\/o-meni-3\\\/\"]}]},{\"@type\":\"ImageObject\",\"inLanguage\":\"en-US\",\"@id\":\"https:\\\/\\\/sandra-mars.com\\\/o-meni-3\\\/#primaryimage\",\"url\":\"https:\\\/\\\/sandra-mars.com\\\/wp-content\\\/uploads\\\/2023\\\/06\\\/sandra-mars-uresnicite-svojo-poslanstvo-1.jpg\",\"contentUrl\":\"https:\\\/\\\/sandra-mars.com\\\/wp-content\\\/uploads\\\/2023\\\/06\\\/sandra-mars-uresnicite-svojo-poslanstvo-1.jpg\"},{\"@type\":\"BreadcrumbList\",\"@id\":\"https:\\\/\\\/sandra-mars.com\\\/o-meni-3\\\/#breadcrumb\",\"itemListElement\":[{\"@type\":\"ListItem\",\"position\":1,\"name\":\"Home\",\"item\":\"https:\\\/\\\/sandra-mars.com\\\/\"},{\"@type\":\"ListItem\",\"position\":2,\"name\":\"O meni\"}]},{\"@type\":\"WebSite\",\"@id\":\"https:\\\/\\\/sandra-mars.com\\\/#website\",\"url\":\"https:\\\/\\\/sandra-mars.com\\\/\",\"name\":\"\",\"description\":\"\",\"potentialAction\":[{\"@type\":\"SearchAction\",\"target\":{\"@type\":\"EntryPoint\",\"urlTemplate\":\"https:\\\/\\\/sandra-mars.com\\\/?s={search_term_string}\"},\"query-input\":{\"@type\":\"PropertyValueSpecification\",\"valueRequired\":true,\"valueName\":\"search_term_string\"}}],\"inLanguage\":\"en-US\"}]}<\/script>\n<!-- \/ Yoast SEO plugin. -->","yoast_head_json":{"title":"O meni -","robots":{"index":"index","follow":"follow","max-snippet":"max-snippet:-1","max-image-preview":"max-image-preview:large","max-video-preview":"max-video-preview:-1"},"canonical":"https:\/\/sandra-mars.com\/en\/o-meni-3\/","og_locale":"en_US","og_type":"article","og_title":"O meni -","og_description":"O meni in mojem poslanstvu Moje ime je Sandra Mars in sem motivacijska mindset mentorica za \u017eenske po 4 Elle metodi. 4 Elle je kratica, ki predstavlja Limitless, Luxurious, Love Life. Gre za mojo avtorsko metodo, ki ti bo omogo\u010dila premik iz stresa v strast in preskok iz obto\u017eevanja v obo\u017eevanje sebe. Sem mojstrica osebne &hellip;","og_url":"https:\/\/sandra-mars.com\/en\/o-meni-3\/","article_modified_time":"2026-04-06T16:06:00+00:00","og_image":[{"url":"https:\/\/sandra-mars.com\/wp-content\/uploads\/2023\/06\/sandra-mars-uresnicite-svojo-poslanstvo-1.jpg","type":"","width":"","height":""}],"twitter_card":"summary_large_image","twitter_misc":{"Est. reading time":"4 minutes"},"schema":{"@context":"https:\/\/schema.org","@graph":[{"@type":"WebPage","@id":"https:\/\/sandra-mars.com\/o-meni-3\/","url":"https:\/\/sandra-mars.com\/o-meni-3\/","name":"O meni -","isPartOf":{"@id":"https:\/\/sandra-mars.com\/#website"},"primaryImageOfPage":{"@id":"https:\/\/sandra-mars.com\/o-meni-3\/#primaryimage"},"image":{"@id":"https:\/\/sandra-mars.com\/o-meni-3\/#primaryimage"},"thumbnailUrl":"https:\/\/sandra-mars.com\/wp-content\/uploads\/2023\/06\/sandra-mars-uresnicite-svojo-poslanstvo-1.jpg","datePublished":"2021-06-23T09:16:05+00:00","dateModified":"2026-04-06T16:06:00+00:00","breadcrumb":{"@id":"https:\/\/sandra-mars.com\/o-meni-3\/#breadcrumb"},"inLanguage":"en-US","potentialAction":[{"@type":"ReadAction","target":["https:\/\/sandra-mars.com\/o-meni-3\/"]}]},{"@type":"ImageObject","inLanguage":"en-US","@id":"https:\/\/sandra-mars.com\/o-meni-3\/#primaryimage","url":"https:\/\/sandra-mars.com\/wp-content\/uploads\/2023\/06\/sandra-mars-uresnicite-svojo-poslanstvo-1.jpg","contentUrl":"https:\/\/sandra-mars.com\/wp-content\/uploads\/2023\/06\/sandra-mars-uresnicite-svojo-poslanstvo-1.jpg"},{"@type":"BreadcrumbList","@id":"https:\/\/sandra-mars.com\/o-meni-3\/#breadcrumb","itemListElement":[{"@type":"ListItem","position":1,"name":"Home","item":"https:\/\/sandra-mars.com\/"},{"@type":"ListItem","position":2,"name":"O meni"}]},{"@type":"WebSite","@id":"https:\/\/sandra-mars.com\/#website","url":"https:\/\/sandra-mars.com\/","name":"","description":"","potentialAction":[{"@type":"SearchAction","target":{"@type":"EntryPoint","urlTemplate":"https:\/\/sandra-mars.com\/?s={search_term_string}"},"query-input":{"@type":"PropertyValueSpecification","valueRequired":true,"valueName":"search_term_string"}}],"inLanguage":"en-US"}]}},"_links":{"self":[{"href":"https:\/\/sandra-mars.com\/en\/wp-json\/wp\/v2\/pages\/1377","targetHints":{"allow":["GET"]}}],"collection":[{"href":"https:\/\/sandra-mars.com\/en\/wp-json\/wp\/v2\/pages"}],"about":[{"href":"https:\/\/sandra-mars.com\/en\/wp-json\/wp\/v2\/types\/page"}],"author":[{"embeddable":true,"href":"https:\/\/sandra-mars.com\/en\/wp-json\/wp\/v2\/users\/1"}],"replies":[{"embeddable":true,"href":"https:\/\/sandra-mars.com\/en\/wp-json\/wp\/v2\/comments?post=1377"}],"version-history":[{"count":4,"href":"https:\/\/sandra-mars.com\/en\/wp-json\/wp\/v2\/pages\/1377\/revisions"}],"predecessor-version":[{"id":24881,"href":"https:\/\/sandra-mars.com\/en\/wp-json\/wp\/v2\/pages\/1377\/revisions\/24881"}],"wp:attachment":[{"href":"https:\/\/sandra-mars.com\/en\/wp-json\/wp\/v2\/media?parent=1377"}],"curies":[{"name":"wp","href":"https:\/\/api.w.org\/{rel}","templated":true}]}}