{"id":23994,"date":"2025-09-06T11:40:03","date_gmt":"2025-09-06T09:40:03","guid":{"rendered":"https:\/\/sandra-mars.com\/?page_id=23994"},"modified":"2026-04-06T18:27:12","modified_gmt":"2026-04-06T16:27:12","slug":"za-podjetja","status":"publish","type":"page","link":"https:\/\/sandra-mars.com\/en\/za-podjetja\/","title":{"rendered":"Za podjetja"},"content":{"rendered":"<div data-elementor-type=\"wp-page\" data-elementor-id=\"23994\" class=\"elementor elementor-23994\">\n\t\t\t\t\t\t<section class=\"elementor-section elementor-top-section elementor-element elementor-element-72c0b99 elementor-section-boxed elementor-section-height-default elementor-section-height-default wpr-particle-no wpr-jarallax-no wpr-parallax-no wpr-sticky-section-no\" data-id=\"72c0b99\" data-element_type=\"section\" data-e-type=\"section\">\n\t\t\t\t\t\t<div class=\"elementor-container elementor-column-gap-default\">\n\t\t\t\t\t<div class=\"elementor-column elementor-col-100 elementor-top-column elementor-element elementor-element-8e43b63\" data-id=\"8e43b63\" data-element_type=\"column\" data-e-type=\"column\">\n\t\t\t<div class=\"elementor-widget-wrap elementor-element-populated\">\n\t\t\t\t\t\t<div class=\"elementor-element elementor-element-b204648 elementor-widget elementor-widget-heading\" data-id=\"b204648\" data-element_type=\"widget\" data-e-type=\"widget\" data-widget_type=\"heading.default\">\n\t\t\t\t<div class=\"elementor-widget-container\">\n\t\t\t\t\t<h4 class=\"elementor-heading-title elementor-size-default\">Ponudba za podjetja<\/h4>\t\t\t\t<\/div>\n\t\t\t\t<\/div>\n\t\t\t\t\t<\/div>\n\t\t<\/div>\n\t\t\t\t\t<\/div>\n\t\t<\/section>\n\t\t\t\t<section class=\"elementor-section elementor-top-section elementor-element elementor-element-9e40a31 elementor-section-boxed elementor-section-height-default elementor-section-height-default wpr-particle-no wpr-jarallax-no wpr-parallax-no wpr-sticky-section-no\" data-id=\"9e40a31\" data-element_type=\"section\" data-e-type=\"section\">\n\t\t\t\t\t\t<div class=\"elementor-container elementor-column-gap-default\">\n\t\t\t\t\t<div class=\"elementor-column elementor-col-100 elementor-top-column elementor-element elementor-element-1e58b17\" data-id=\"1e58b17\" data-element_type=\"column\" data-e-type=\"column\">\n\t\t\t<div class=\"elementor-widget-wrap elementor-element-populated\">\n\t\t\t\t\t\t<div class=\"elementor-element elementor-element-cf9b1c2 elementor-widget elementor-widget-text-editor\" data-id=\"cf9b1c2\" data-element_type=\"widget\" data-e-type=\"widget\" data-widget_type=\"text-editor.default\">\n\t\t\t\t<div class=\"elementor-widget-container\">\n\t\t\t\t\t\t\t\t\t<p>Na\u0161i programi zdru\u017eujejo <strong data-start=\"168\" data-end=\"206\">prakti\u010dna orodja sodobnega vodenja<\/strong> z <strong data-start=\"209\" data-end=\"250\">energijskimi in intuitivnimi pristopi<\/strong>, ki spodbujajo <strong data-start=\"266\" data-end=\"382\">usklajenost ekipe, usmerjenost v rast in razvoj, inovativnost, prisotnost, predanost ter pripadnost skupni ideji<\/strong>.<\/p><p data-start=\"387\" data-end=\"690\"><strong data-start=\"387\" data-end=\"487\">Te\u010daji in programi so vedno prilagojeni potrebam podjetja ter specifikam ekipe, s katero delam.<\/strong><br data-start=\"487\" data-end=\"490\" \/>Ne izvajam vnaprej dolo\u010denih fiksnih vsebin po principu za vse enako temve\u010d ostajam <strong data-start=\"542\" data-end=\"574\">fleksibilna in prilagodljiva<\/strong>, da lahko ponudim tisto, kar je v danem trenutku <strong data-start=\"624\" data-end=\"666\">najbolj potrebno in u\u010dinkovito<\/strong> za posamezno skupino.<\/p><p><strong>Te\u010daji, delavnice in team buildingi za podjetja:<\/strong><\/p><ul><li>Antistres programi <em>\u2013 Iz stresa v strast<\/em><\/li><li>Kako prepre\u010diti izgorelost, ohraniti notranji ogenj in ostati \u201cpri\u017egani\u201d tudi v zahtevnih obdobjih<\/li><li>Coaching za zavestne vodje in karizmati\u010dne leaderje<\/li><li>Zavestno vodenje ekipe in sebe<\/li><li>U\u010dinkovita komunikacija in organiz-akcija energije, \u010dasa in dela za ve\u010djo produktivnost, osebno zadovoljstvo in poslovni uspeh<\/li><li>Te\u010daj management odnosov<\/li><li>Te\u010daj Ikigai: pot od poslanstva do posla<\/li><\/ul><p><strong>\u00a0Poslovni coaching in mentorstvo za (bodo\u010de) podjetnike:<\/strong><\/p><ul><li><strong data-start=\"665\" data-end=\"714\">IKIGAI mojstrsko mentorstvo \u2013 sr\u010dni posel in uspe\u0161no podjetni\u0161tvo iz du\u0161nega poslanstva<br \/><\/strong><\/li><li><strong data-start=\"806\" data-end=\"840\">Mentorstvo za YIN PODJETNI\u0160TVO <\/strong>(Poslanstvo in posel skozi \u017eensko modrost cikla, magijo \u017eenske energije, manifestacijsko mo\u010d, intuicijo, kreacijo in magnetizem.)PON<\/li><\/ul>\t\t\t\t\t\t\t\t<\/div>\n\t\t\t\t<\/div>\n\t\t\t\t\t<\/div>\n\t\t<\/div>\n\t\t\t\t\t<\/div>\n\t\t<\/section>\n\t\t\t\t<section class=\"elementor-section elementor-top-section elementor-element elementor-element-a05f9ab elementor-section-boxed elementor-section-height-default elementor-section-height-default wpr-particle-no wpr-jarallax-no wpr-parallax-no wpr-sticky-section-no\" data-id=\"a05f9ab\" data-element_type=\"section\" data-e-type=\"section\">\n\t\t\t\t\t\t<div class=\"elementor-container elementor-column-gap-default\">\n\t\t\t\t\t<div class=\"elementor-column elementor-col-50 elementor-top-column elementor-element elementor-element-cf9e548 elementor-invisible\" data-id=\"cf9e548\" data-element_type=\"column\" data-e-type=\"column\" data-settings=\"{&quot;background_background&quot;:&quot;classic&quot;,&quot;animation&quot;:&quot;fadeInLeft&quot;}\">\n\t\t\t<div class=\"elementor-widget-wrap elementor-element-populated\">\n\t\t\t\t\t\t<div class=\"elementor-element elementor-element-5ed61ad elementor-align-center elementor-widget elementor-widget-button\" data-id=\"5ed61ad\" data-element_type=\"widget\" data-e-type=\"widget\" data-settings=\"{&quot;_animation&quot;:&quot;none&quot;}\" data-widget_type=\"button.default\">\n\t\t\t\t<div class=\"elementor-widget-container\">\n\t\t\t\t\t\t\t\t\t<div class=\"elementor-button-wrapper\">\n\t\t\t\t\t<a class=\"elementor-button elementor-button-link elementor-size-md\" href=\"https:\/\/sandra-mars.com\/en\/booking\/\">\n\t\t\t\t\t\t<span class=\"elementor-button-content-wrapper\">\n\t\t\t\t\t\t\t\t\t<span class=\"elementor-button-text\">Rezerviraj svoj termin<\/span>\n\t\t\t\t\t<\/span>\n\t\t\t\t\t<\/a>\n\t\t\t\t<\/div>\n\t\t\t\t\t\t\t\t<\/div>\n\t\t\t\t<\/div>\n\t\t\t\t\t<\/div>\n\t\t<\/div>\n\t\t\t\t<div class=\"elementor-column elementor-col-50 elementor-top-column elementor-element elementor-element-3518ffc elementor-invisible\" data-id=\"3518ffc\" data-element_type=\"column\" data-e-type=\"column\" data-settings=\"{&quot;background_background&quot;:&quot;classic&quot;,&quot;animation&quot;:&quot;fadeInRight&quot;}\">\n\t\t\t<div class=\"elementor-widget-wrap elementor-element-populated\">\n\t\t\t\t\t\t<div class=\"elementor-element elementor-element-d4af9fd elementor-align-center elementor-widget elementor-widget-button\" data-id=\"d4af9fd\" data-element_type=\"widget\" data-e-type=\"widget\" data-widget_type=\"button.default\">\n\t\t\t\t<div class=\"elementor-widget-container\">\n\t\t\t\t\t\t\t\t\t<div class=\"elementor-button-wrapper\">\n\t\t\t\t\t<a class=\"elementor-button elementor-button-link elementor-size-md\" href=\"https:\/\/sandra-mars.com\/en\/kontakt\/\">\n\t\t\t\t\t\t<span class=\"elementor-button-content-wrapper\">\n\t\t\t\t\t\t<span class=\"elementor-button-icon\">\n\t\t\t\t<i aria-hidden=\"true\" class=\"fas fa-mail-bulk\"><\/i>\t\t\t<\/span>\n\t\t\t\t\t\t\t\t\t<span class=\"elementor-button-text\">Po\u0161lji povpra\u0161evanje<\/span>\n\t\t\t\t\t<\/span>\n\t\t\t\t\t<\/a>\n\t\t\t\t<\/div>\n\t\t\t\t\t\t\t\t<\/div>\n\t\t\t\t<\/div>\n\t\t\t\t\t<\/div>\n\t\t<\/div>\n\t\t\t\t\t<\/div>\n\t\t<\/section>\n\t\t\t\t<section class=\"elementor-section elementor-top-section elementor-element elementor-element-2decf0d elementor-section-boxed elementor-section-height-default elementor-section-height-default wpr-particle-no wpr-jarallax-no wpr-parallax-no wpr-sticky-section-no\" data-id=\"2decf0d\" data-element_type=\"section\" data-e-type=\"section\">\n\t\t\t\t\t\t<div class=\"elementor-container elementor-column-gap-extended\">\n\t\t\t\t\t<div class=\"elementor-column elementor-col-100 elementor-top-column elementor-element elementor-element-a22e6fe\" data-id=\"a22e6fe\" data-element_type=\"column\" data-e-type=\"column\">\n\t\t\t<div class=\"elementor-widget-wrap elementor-element-populated\">\n\t\t\t\t\t\t<div class=\"elementor-element elementor-element-f59698f elementor-arrows-position-inside elementor-pagination-position-outside elementor-widget elementor-widget-image-carousel\" data-id=\"f59698f\" data-element_type=\"widget\" data-e-type=\"widget\" data-settings=\"{&quot;slides_to_show&quot;:&quot;10&quot;,&quot;slides_to_show_mobile&quot;:&quot;3&quot;,&quot;speed&quot;:800,&quot;navigation&quot;:&quot;both&quot;,&quot;autoplay&quot;:&quot;yes&quot;,&quot;pause_on_hover&quot;:&quot;yes&quot;,&quot;pause_on_interaction&quot;:&quot;yes&quot;,&quot;autoplay_speed&quot;:5000,&quot;infinite&quot;:&quot;yes&quot;}\" data-widget_type=\"image-carousel.default\">\n\t\t\t\t<div class=\"elementor-widget-container\">\n\t\t\t\t\t\t\t<div class=\"elementor-image-carousel-wrapper swiper\" role=\"region\" aria-roledescription=\"carousel\" aria-label=\"Image Carousel\" dir=\"ltr\">\n\t\t\t<div class=\"elementor-image-carousel swiper-wrapper\" aria-live=\"off\">\n\t\t\t\t\t\t\t\t<div class=\"swiper-slide\" role=\"group\" aria-roledescription=\"slide\" aria-label=\"1 of 16\"><figure class=\"swiper-slide-inner\"><img decoding=\"async\" class=\"swiper-slide-image\" src=\"https:\/\/sandra-mars.com\/wp-content\/uploads\/2025\/09\/Ljudska-univerza-Koper.png\" alt=\"Ljudska univerza Koper\" \/><\/figure><\/div><div class=\"swiper-slide\" role=\"group\" aria-roledescription=\"slide\" aria-label=\"2 of 16\"><figure class=\"swiper-slide-inner\"><img decoding=\"async\" class=\"swiper-slide-image\" src=\"https:\/\/sandra-mars.com\/wp-content\/uploads\/2025\/09\/Luka-Koper-inpo.png\" alt=\"Luka Koper inpo\" \/><\/figure><\/div><div class=\"swiper-slide\" role=\"group\" aria-roledescription=\"slide\" aria-label=\"3 of 16\"><figure class=\"swiper-slide-inner\"><img decoding=\"async\" class=\"swiper-slide-image\" src=\"https:\/\/sandra-mars.com\/wp-content\/uploads\/2025\/09\/Lipro.png\" alt=\"Lipro\" \/><\/figure><\/div><div class=\"swiper-slide\" role=\"group\" aria-roledescription=\"slide\" aria-label=\"4 of 16\"><figure class=\"swiper-slide-inner\"><img decoding=\"async\" class=\"swiper-slide-image\" src=\"https:\/\/sandra-mars.com\/wp-content\/uploads\/2025\/09\/Luka-Koper.png\" alt=\"Luka Koper\" \/><\/figure><\/div><div class=\"swiper-slide\" role=\"group\" aria-roledescription=\"slide\" aria-label=\"5 of 16\"><figure class=\"swiper-slide-inner\"><img decoding=\"async\" class=\"swiper-slide-image\" src=\"https:\/\/sandra-mars.com\/wp-content\/uploads\/2025\/10\/DCS-TRAMACO.png\" alt=\"DCS TRAMACO\" \/><\/figure><\/div><div class=\"swiper-slide\" role=\"group\" aria-roledescription=\"slide\" aria-label=\"6 of 16\"><figure class=\"swiper-slide-inner\"><img decoding=\"async\" class=\"swiper-slide-image\" src=\"https:\/\/sandra-mars.com\/wp-content\/uploads\/2025\/09\/Zavod-Republike-Slovenije.png\" alt=\"Zavod Republike Slovenije\" \/><\/figure><\/div><div class=\"swiper-slide\" role=\"group\" aria-roledescription=\"slide\" aria-label=\"7 of 16\"><figure class=\"swiper-slide-inner\"><img decoding=\"async\" class=\"swiper-slide-image\" src=\"https:\/\/sandra-mars.com\/wp-content\/uploads\/2025\/09\/Univerza-ma-primorske.png\" alt=\"Univerza ma primorske\" \/><\/figure><\/div><div class=\"swiper-slide\" role=\"group\" aria-roledescription=\"slide\" aria-label=\"8 of 16\"><figure class=\"swiper-slide-inner\"><img decoding=\"async\" class=\"swiper-slide-image\" src=\"https:\/\/sandra-mars.com\/wp-content\/uploads\/2025\/10\/SPIRIT-SLOVENIJA.png\" alt=\"SPIRIT SLOVENIJA\" \/><\/figure><\/div><div class=\"swiper-slide\" role=\"group\" aria-roledescription=\"slide\" aria-label=\"9 of 16\"><figure class=\"swiper-slide-inner\"><img decoding=\"async\" class=\"swiper-slide-image\" src=\"https:\/\/sandra-mars.com\/wp-content\/uploads\/2025\/09\/Androgoski-center.png\" alt=\"Androgo\u0161ki center\" \/><\/figure><\/div><div class=\"swiper-slide\" role=\"group\" aria-roledescription=\"slide\" aria-label=\"10 of 16\"><figure class=\"swiper-slide-inner\"><img decoding=\"async\" class=\"swiper-slide-image\" src=\"https:\/\/sandra-mars.com\/wp-content\/uploads\/2025\/09\/Lahko.si_.png\" alt=\"Lahko.si\" \/><\/figure><\/div><div class=\"swiper-slide\" role=\"group\" aria-roledescription=\"slide\" aria-label=\"11 of 16\"><figure class=\"swiper-slide-inner\"><img decoding=\"async\" class=\"swiper-slide-image\" src=\"https:\/\/sandra-mars.com\/wp-content\/uploads\/2025\/09\/TEDNI-VSEZIVLJENSKEGA-UCENJA-.png\" alt=\"TEDNI VSE\u017dIVLJENSKEGA U\u010cENJA\" \/><\/figure><\/div><div class=\"swiper-slide\" role=\"group\" aria-roledescription=\"slide\" aria-label=\"12 of 16\"><figure class=\"swiper-slide-inner\"><img decoding=\"async\" class=\"swiper-slide-image\" src=\"https:\/\/sandra-mars.com\/wp-content\/uploads\/2025\/09\/Dobro-jutro.png\" alt=\"Dobro jutro\" \/><\/figure><\/div><div class=\"swiper-slide\" role=\"group\" aria-roledescription=\"slide\" aria-label=\"13 of 16\"><figure class=\"swiper-slide-inner\"><img decoding=\"async\" class=\"swiper-slide-image\" src=\"https:\/\/sandra-mars.com\/wp-content\/uploads\/2025\/09\/Radio-Capris.png\" alt=\"Radio Capris\" \/><\/figure><\/div><div class=\"swiper-slide\" role=\"group\" aria-roledescription=\"slide\" aria-label=\"14 of 16\"><figure class=\"swiper-slide-inner\"><img decoding=\"async\" class=\"swiper-slide-image\" src=\"https:\/\/sandra-mars.com\/wp-content\/uploads\/2025\/09\/Jana.png\" alt=\"Jana\" \/><\/figure><\/div><div class=\"swiper-slide\" role=\"group\" aria-roledescription=\"slide\" aria-label=\"15 of 16\"><figure class=\"swiper-slide-inner\"><img decoding=\"async\" class=\"swiper-slide-image\" src=\"https:\/\/sandra-mars.com\/wp-content\/uploads\/2025\/09\/Radio-Koper.png\" alt=\"Radio Koper\" \/><\/figure><\/div><div class=\"swiper-slide\" role=\"group\" aria-roledescription=\"slide\" aria-label=\"16 of 16\"><figure class=\"swiper-slide-inner\"><img decoding=\"async\" class=\"swiper-slide-image\" src=\"https:\/\/sandra-mars.com\/wp-content\/uploads\/2025\/09\/RTV.png\" alt=\"RTV\" \/><\/figure><\/div>\t\t\t<\/div>\n\t\t\t\t\t\t\t\t\t\t\t\t<div class=\"elementor-swiper-button elementor-swiper-button-prev\" role=\"button\" tabindex=\"0\">\n\t\t\t\t\t\t<i aria-hidden=\"true\" class=\"eicon-chevron-left\"><\/i>\t\t\t\t\t<\/div>\n\t\t\t\t\t<div class=\"elementor-swiper-button elementor-swiper-button-next\" role=\"button\" tabindex=\"0\">\n\t\t\t\t\t\t<i aria-hidden=\"true\" class=\"eicon-chevron-right\"><\/i>\t\t\t\t\t<\/div>\n\t\t\t\t\n\t\t\t\t\t\t\t\t\t<div class=\"swiper-pagination\"><\/div>\n\t\t\t\t\t\t\t\t\t<\/div>\n\t\t\t\t\t\t<\/div>\n\t\t\t\t<\/div>\n\t\t\t\t\t<\/div>\n\t\t<\/div>\n\t\t\t\t\t<\/div>\n\t\t<\/section>\n\t\t\t\t<\/div>","protected":false},"excerpt":{"rendered":"<p>Ponudba za podjetja Na\u0161i programi zdru\u017eujejo prakti\u010dna orodja sodobnega vodenja z energijskimi in intuitivnimi pristopi, ki spodbujajo usklajenost ekipe, usmerjenost v rast in razvoj, inovativnost, prisotnost, predanost ter pripadnost skupni ideji. Te\u010daji in programi so vedno prilagojeni potrebam podjetja ter specifikam ekipe, s katero delam.Ne izvajam vnaprej dolo\u010denih fiksnih vsebin po principu za vse enako &hellip; <\/p>","protected":false},"author":1,"featured_media":0,"parent":0,"menu_order":0,"comment_status":"closed","ping_status":"closed","template":"elementor_header_footer","meta":{"footnotes":""},"class_list":["post-23994","page","type-page","status-publish","hentry","grid-sizer"],"yoast_head":"<!-- This site is optimized with the Yoast SEO plugin v27.3 - https:\/\/yoast.com\/product\/yoast-seo-wordpress\/ -->\n<title>Za podjetja -<\/title>\n<meta name=\"robots\" content=\"index, follow, max-snippet:-1, max-image-preview:large, max-video-preview:-1\" \/>\n<link rel=\"canonical\" href=\"https:\/\/sandra-mars.com\/en\/za-podjetja\/\" \/>\n<meta property=\"og:locale\" content=\"en_US\" \/>\n<meta property=\"og:type\" content=\"article\" \/>\n<meta property=\"og:title\" content=\"Za podjetja -\" \/>\n<meta property=\"og:description\" content=\"Ponudba za podjetja Na\u0161i programi zdru\u017eujejo prakti\u010dna orodja sodobnega vodenja z energijskimi in intuitivnimi pristopi, ki spodbujajo usklajenost ekipe, usmerjenost v rast in razvoj, inovativnost, prisotnost, predanost ter pripadnost skupni ideji. Te\u010daji in programi so vedno prilagojeni potrebam podjetja ter specifikam ekipe, s katero delam.Ne izvajam vnaprej dolo\u010denih fiksnih vsebin po principu za vse enako &hellip;\" \/>\n<meta property=\"og:url\" content=\"https:\/\/sandra-mars.com\/en\/za-podjetja\/\" \/>\n<meta property=\"article:modified_time\" content=\"2026-04-06T16:27:12+00:00\" \/>\n<meta property=\"og:image\" content=\"https:\/\/sandra-mars.com\/wp-content\/uploads\/2025\/09\/Ljudska-univerza-Koper.png\" \/>\n<meta name=\"twitter:card\" content=\"summary_large_image\" \/>\n<meta name=\"twitter:label1\" content=\"Est. reading time\" \/>\n\t<meta name=\"twitter:data1\" content=\"8 minutes\" \/>\n<script type=\"application\/ld+json\" class=\"yoast-schema-graph\">{\"@context\":\"https:\\\/\\\/schema.org\",\"@graph\":[{\"@type\":\"WebPage\",\"@id\":\"https:\\\/\\\/sandra-mars.com\\\/za-podjetja\\\/\",\"url\":\"https:\\\/\\\/sandra-mars.com\\\/za-podjetja\\\/\",\"name\":\"Za podjetja -\",\"isPartOf\":{\"@id\":\"https:\\\/\\\/sandra-mars.com\\\/#website\"},\"primaryImageOfPage\":{\"@id\":\"https:\\\/\\\/sandra-mars.com\\\/za-podjetja\\\/#primaryimage\"},\"image\":{\"@id\":\"https:\\\/\\\/sandra-mars.com\\\/za-podjetja\\\/#primaryimage\"},\"thumbnailUrl\":\"https:\\\/\\\/sandra-mars.com\\\/wp-content\\\/uploads\\\/2025\\\/09\\\/Ljudska-univerza-Koper.png\",\"datePublished\":\"2025-09-06T09:40:03+00:00\",\"dateModified\":\"2026-04-06T16:27:12+00:00\",\"breadcrumb\":{\"@id\":\"https:\\\/\\\/sandra-mars.com\\\/za-podjetja\\\/#breadcrumb\"},\"inLanguage\":\"en-US\",\"potentialAction\":[{\"@type\":\"ReadAction\",\"target\":[\"https:\\\/\\\/sandra-mars.com\\\/za-podjetja\\\/\"]}]},{\"@type\":\"ImageObject\",\"inLanguage\":\"en-US\",\"@id\":\"https:\\\/\\\/sandra-mars.com\\\/za-podjetja\\\/#primaryimage\",\"url\":\"https:\\\/\\\/sandra-mars.com\\\/wp-content\\\/uploads\\\/2025\\\/09\\\/Ljudska-univerza-Koper.png\",\"contentUrl\":\"https:\\\/\\\/sandra-mars.com\\\/wp-content\\\/uploads\\\/2025\\\/09\\\/Ljudska-univerza-Koper.png\"},{\"@type\":\"BreadcrumbList\",\"@id\":\"https:\\\/\\\/sandra-mars.com\\\/za-podjetja\\\/#breadcrumb\",\"itemListElement\":[{\"@type\":\"ListItem\",\"position\":1,\"name\":\"Home\",\"item\":\"https:\\\/\\\/sandra-mars.com\\\/\"},{\"@type\":\"ListItem\",\"position\":2,\"name\":\"Za podjetja\"}]},{\"@type\":\"WebSite\",\"@id\":\"https:\\\/\\\/sandra-mars.com\\\/#website\",\"url\":\"https:\\\/\\\/sandra-mars.com\\\/\",\"name\":\"\",\"description\":\"\",\"potentialAction\":[{\"@type\":\"SearchAction\",\"target\":{\"@type\":\"EntryPoint\",\"urlTemplate\":\"https:\\\/\\\/sandra-mars.com\\\/?s={search_term_string}\"},\"query-input\":{\"@type\":\"PropertyValueSpecification\",\"valueRequired\":true,\"valueName\":\"search_term_string\"}}],\"inLanguage\":\"en-US\"}]}<\/script>\n<!-- \/ Yoast SEO plugin. -->","yoast_head_json":{"title":"Za podjetja -","robots":{"index":"index","follow":"follow","max-snippet":"max-snippet:-1","max-image-preview":"max-image-preview:large","max-video-preview":"max-video-preview:-1"},"canonical":"https:\/\/sandra-mars.com\/en\/za-podjetja\/","og_locale":"en_US","og_type":"article","og_title":"Za podjetja -","og_description":"Ponudba za podjetja Na\u0161i programi zdru\u017eujejo prakti\u010dna orodja sodobnega vodenja z energijskimi in intuitivnimi pristopi, ki spodbujajo usklajenost ekipe, usmerjenost v rast in razvoj, inovativnost, prisotnost, predanost ter pripadnost skupni ideji. Te\u010daji in programi so vedno prilagojeni potrebam podjetja ter specifikam ekipe, s katero delam.Ne izvajam vnaprej dolo\u010denih fiksnih vsebin po principu za vse enako &hellip;","og_url":"https:\/\/sandra-mars.com\/en\/za-podjetja\/","article_modified_time":"2026-04-06T16:27:12+00:00","og_image":[{"url":"https:\/\/sandra-mars.com\/wp-content\/uploads\/2025\/09\/Ljudska-univerza-Koper.png","type":"","width":"","height":""}],"twitter_card":"summary_large_image","twitter_misc":{"Est. reading time":"8 minutes"},"schema":{"@context":"https:\/\/schema.org","@graph":[{"@type":"WebPage","@id":"https:\/\/sandra-mars.com\/za-podjetja\/","url":"https:\/\/sandra-mars.com\/za-podjetja\/","name":"Za podjetja -","isPartOf":{"@id":"https:\/\/sandra-mars.com\/#website"},"primaryImageOfPage":{"@id":"https:\/\/sandra-mars.com\/za-podjetja\/#primaryimage"},"image":{"@id":"https:\/\/sandra-mars.com\/za-podjetja\/#primaryimage"},"thumbnailUrl":"https:\/\/sandra-mars.com\/wp-content\/uploads\/2025\/09\/Ljudska-univerza-Koper.png","datePublished":"2025-09-06T09:40:03+00:00","dateModified":"2026-04-06T16:27:12+00:00","breadcrumb":{"@id":"https:\/\/sandra-mars.com\/za-podjetja\/#breadcrumb"},"inLanguage":"en-US","potentialAction":[{"@type":"ReadAction","target":["https:\/\/sandra-mars.com\/za-podjetja\/"]}]},{"@type":"ImageObject","inLanguage":"en-US","@id":"https:\/\/sandra-mars.com\/za-podjetja\/#primaryimage","url":"https:\/\/sandra-mars.com\/wp-content\/uploads\/2025\/09\/Ljudska-univerza-Koper.png","contentUrl":"https:\/\/sandra-mars.com\/wp-content\/uploads\/2025\/09\/Ljudska-univerza-Koper.png"},{"@type":"BreadcrumbList","@id":"https:\/\/sandra-mars.com\/za-podjetja\/#breadcrumb","itemListElement":[{"@type":"ListItem","position":1,"name":"Home","item":"https:\/\/sandra-mars.com\/"},{"@type":"ListItem","position":2,"name":"Za podjetja"}]},{"@type":"WebSite","@id":"https:\/\/sandra-mars.com\/#website","url":"https:\/\/sandra-mars.com\/","name":"","description":"","potentialAction":[{"@type":"SearchAction","target":{"@type":"EntryPoint","urlTemplate":"https:\/\/sandra-mars.com\/?s={search_term_string}"},"query-input":{"@type":"PropertyValueSpecification","valueRequired":true,"valueName":"search_term_string"}}],"inLanguage":"en-US"}]}},"_links":{"self":[{"href":"https:\/\/sandra-mars.com\/en\/wp-json\/wp\/v2\/pages\/23994","targetHints":{"allow":["GET"]}}],"collection":[{"href":"https:\/\/sandra-mars.com\/en\/wp-json\/wp\/v2\/pages"}],"about":[{"href":"https:\/\/sandra-mars.com\/en\/wp-json\/wp\/v2\/types\/page"}],"author":[{"embeddable":true,"href":"https:\/\/sandra-mars.com\/en\/wp-json\/wp\/v2\/users\/1"}],"replies":[{"embeddable":true,"href":"https:\/\/sandra-mars.com\/en\/wp-json\/wp\/v2\/comments?post=23994"}],"version-history":[{"count":49,"href":"https:\/\/sandra-mars.com\/en\/wp-json\/wp\/v2\/pages\/23994\/revisions"}],"predecessor-version":[{"id":24906,"href":"https:\/\/sandra-mars.com\/en\/wp-json\/wp\/v2\/pages\/23994\/revisions\/24906"}],"wp:attachment":[{"href":"https:\/\/sandra-mars.com\/en\/wp-json\/wp\/v2\/media?parent=23994"}],"curies":[{"name":"wp","href":"https:\/\/api.w.org\/{rel}","templated":true}]}}