{"id":24404,"date":"2025-10-15T07:52:42","date_gmt":"2025-10-15T05:52:42","guid":{"rendered":"https:\/\/sandra-mars.com\/?page_id=24404"},"modified":"2026-04-06T18:24:54","modified_gmt":"2026-04-06T16:24:54","slug":"partnersko-svetovanje","status":"publish","type":"page","link":"https:\/\/sandra-mars.com\/en\/partnersko-svetovanje\/","title":{"rendered":"Partnersko svetovanje"},"content":{"rendered":"<div data-elementor-type=\"wp-page\" data-elementor-id=\"24404\" class=\"elementor elementor-24404\">\n\t\t\t\t\t\t<section class=\"elementor-section elementor-top-section elementor-element elementor-element-4a82090 elementor-section-boxed elementor-section-height-default elementor-section-height-default wpr-particle-no wpr-jarallax-no wpr-parallax-no wpr-sticky-section-no\" data-id=\"4a82090\" data-element_type=\"section\" data-e-type=\"section\">\n\t\t\t\t\t\t<div class=\"elementor-container elementor-column-gap-default\">\n\t\t\t\t\t<div class=\"elementor-column elementor-col-100 elementor-top-column elementor-element elementor-element-20baeb5\" data-id=\"20baeb5\" data-element_type=\"column\" data-e-type=\"column\">\n\t\t\t<div class=\"elementor-widget-wrap elementor-element-populated\">\n\t\t\t\t\t\t<div class=\"elementor-element elementor-element-7339f15 elementor-widget elementor-widget-text-editor\" data-id=\"7339f15\" data-element_type=\"widget\" data-e-type=\"widget\" data-widget_type=\"text-editor.default\">\n\t\t\t\t<div class=\"elementor-widget-container\">\n\t\t\t\t\t\t\t\t\t<section class=\"elementor-section elementor-top-section elementor-element elementor-element-3ac50e6 elementor-section-boxed elementor-section-height-default elementor-section-height-default wpr-particle-no wpr-jarallax-no wpr-parallax-no wpr-sticky-section-no\" data-id=\"3ac50e6\" data-element_type=\"section\"><div class=\"elementor-container elementor-column-gap-default\"><div class=\"elementor-column elementor-col-100 elementor-top-column elementor-element elementor-element-7b82111\" data-id=\"7b82111\" data-element_type=\"column\"><div class=\"elementor-widget-wrap elementor-element-populated\"><div class=\"elementor-element elementor-element-ead6895 elementor-widget elementor-widget-text-editor\" data-id=\"ead6895\" data-element_type=\"widget\" data-widget_type=\"text-editor.default\"><div class=\"elementor-widget-container\"><p data-start=\"221\" data-end=\"585\"><strong>KAKO POTEKA SVETOVANJE<\/strong><\/p><p>Mo\u017eno je tudi, da se za svetovanje odlo\u010di samo en partner, saj \u017ee ena oseba, ki za\u010dne spreminjati sebe, s tem <strong data-start=\"331\" data-end=\"383\">pozitivno vpliva na drugega in na celoten odnos.<\/strong><br data-start=\"383\" data-end=\"386\" \/>\u017de s tem se lahko dinamika bistveno izbolj\u0161a za oba, saj mo\u0161ki in \u017eenska delujeta <strong data-start=\"468\" data-end=\"486\">komplementarno<\/strong> \u2013 ko se eden odpre za sodelovanje in razumevanje, s tem ustvari prostor, da se odpre tudi drugi.<\/p><p data-start=\"587\" data-end=\"1043\">V\u010dasih pa posameznik potrebuje <strong data-start=\"618\" data-end=\"662\">notranje razumevanje in samoraziskovanje<\/strong>, da sploh za\u010duti, ali je odnos vreden truda, ali \u017eeli ostati ali ne.<br data-start=\"731\" data-end=\"734\" \/>Tukaj je moj pristop vedno <strong data-start=\"761\" data-end=\"773\">celosten<\/strong> \u2013 vklju\u010duje <strong data-start=\"786\" data-end=\"821\">globoke uvide in \u0161ir\u0161e vpoglede<\/strong> v karmi\u010dne vezi, astralni vidik in energijsko dinamiko odnosa (podobno kot pri <strong data-start=\"901\" data-end=\"928\">intuicijskem svetovanju<\/strong>).<br data-start=\"930\" data-end=\"933\" \/>Zato pri partnerskem svetovanju dobi\u0161 <strong data-start=\"971\" data-end=\"989\">360\u00b0 obravnavo<\/strong>, ki zajema tako duhovni kot prakti\u010dni vidik odnosa.<\/p><p data-start=\"1045\" data-end=\"1413\">V praksi se pogosto zgodi, da prvi korak naredi \u017eenska, saj njen partner morda \u0161e ni pripravljen ali odprt za tak pristop \u2013 pogosto potrebuje ve\u010d <strong data-start=\"1191\" data-end=\"1223\">spodbude ali konkreten dokaz<\/strong>.<br data-start=\"1224\" data-end=\"1227\" \/>A ko partner opazi <strong data-start=\"1246\" data-end=\"1346\">pozitivne spremembe v njej \u2013 ve\u010d miru, zavedanja in notranje mo\u010di \u2013 se pogosto odlo\u010di pridru\u017eiti<\/strong>, ker vidi resni\u010den u\u010dinek in za\u010duti, da je sprememba res mogo\u010da.<\/p><p data-start=\"1415\" data-end=\"1742\"><strong>KAKO POTEKAJO SRE\u010cANJA<\/strong><\/p><p data-start=\"263\" data-end=\"593\">Ko se partnerja odlo\u010dita za skupno delo, <strong data-start=\"304\" data-end=\"361\">sre\u010danja potekajo kombinirano \u2013 skupaj in posamezno \u2013<\/strong> da ju lahko optimalno podprem, dobim globlji uvid v dinamiko med njima in ju la\u017eje vodim skozi proces.<br data-start=\"464\" data-end=\"467\" \/>Na\u010din izvajanja <strong data-start=\"483\" data-end=\"522\">vedno intuicijsko prilagodim sproti<\/strong>, glede na specifiko vajinega odnosa in trenutno fazo vajinega procesa.<\/p><p data-start=\"595\" data-end=\"1076\">V praksi to pomeni, da lahko <strong data-start=\"624\" data-end=\"706\">sre\u010danje izvedem lo\u010deno \u2013 v dveh terminih, najprej z enim in nato \u0161e z drugim.<\/strong><br data-start=\"706\" data-end=\"709\" \/>\u010ce je posameznik odprt, lahko vklju\u010dimo tudi <strong data-start=\"754\" data-end=\"777\">energijsko terapijo<\/strong>, ki deluje sprostitveno, umiri \u017eiv\u010dni sistem, reprogramira um ter pomaga <strong data-start=\"851\" data-end=\"908\">prepisati stare miselne, \u010dustvene in vedenjske vzorce<\/strong>. Informacije se tako prenesejo v telo in celi\u010dni spomin, kar omogo\u010da hitrej\u0161i premik in globlje spremembe. Ve\u010d o tem si lahko prebere\u0161 v zavihku <a href=\"https:\/\/sandra-mars.com\/en\/celostno-srecanje\/\"><em data-start=\"1056\" data-end=\"1075\">Celostno sre\u010danje<\/em><\/a>.<\/p><p data-start=\"1078\" data-end=\"1397\">Vsa sre\u010danja so <strong data-start=\"1094\" data-end=\"1163\">100 % zaupna, diskretna in potekajo v varnem, spro\u0161\u010denem prostoru<\/strong>, brez tabu tem ali obsojanja.<br data-start=\"1193\" data-end=\"1196\" \/>Moj pristop je odprt, iskren in usmerjen v razre\u0161evanje ter <strong data-start=\"1256\" data-end=\"1283\">ustvarjanje prihodnosti<\/strong>.<br data-start=\"1284\" data-end=\"1287\" \/>Preteklost pogledamo le toliko, kolikor je potrebno, da jo predelamo, izpustimo in se lahko premaknemo naprej.<\/p><p data-start=\"1399\" data-end=\"1673\">Mo\u0161ki so obi\u010dajno pozitivno presene\u010deni nad mojim pristopom, ker je <strong data-start=\"1467\" data-end=\"1507\">konkreten, prizemljen in \u017eivljenjski<\/strong>, brez pretiranega filozofiranja. Informacije jim predam na jasen in razumljiv na\u010din, v njihovem jeziku.<br \/><br data-start=\"1540\" data-end=\"1543\" \/>\u017denske pa pri meni dobijo tisto <strong data-start=\"1569\" data-end=\"1616\">globino, \u0161irino, razumevanje in ozave\u0161\u010danje<\/strong>, ki jih podpira pri osebni rasti in partnerskem razvoju. Predam jim duhovne in energijske vidike, vklju\u010dim vpogled v vi\u0161je vodstvo in njegova navodila, kar omogo\u010da \u0161ir\u0161o perspektivo in globlje razumevanje sebe, svojih lekcij, u\u010denj, \u017eivljenjskih nalog, potenciala sre\u010de ter namena odnosa, hkrati pa razjasni dinamike med partnerjema.<\/p><p data-start=\"1675\" data-end=\"1817\">Zaradi narave procesa je zato v\u010dasih smiselno vklju\u010diti <strong data-start=\"1726\" data-end=\"1748\">tudi lo\u010dene obiske<\/strong>, kar ocenim sproti glede na dinamiko para in potek vajinega procesa.<\/p><p><strong>KOLIKO PRIPORO\u010cENIH OBISKOV<\/strong><\/p><p>\u017de en obisk prinese velik doprinos, a paket svetovanj omogo\u010da sprotno spremljanje in razre\u0161evanje dinamik, ki se med obiski pojavijo. Veliko lahko dose\u017eemo \u017ee z enim sre\u010danjem, vendar, \u010de \u017eelimo trajne rezultate in dolgoro\u010dne spremembe, je smiselno v odnos vlo\u017eiti ve\u010d \u010dasa, truda in energije. Paket svetovanj nudi ne le najbolj finan\u010dno ugodno re\u0161itev, temve\u010d tudi najbolj optimalno podporo in najve\u010dje mo\u017ene rezultate.<\/p><p><strong>ZAKAJ PARTNERSKO SVETOVANJE<\/strong><\/p><\/div><\/div><\/div><\/div><\/div><\/section><section class=\"elementor-section elementor-top-section elementor-element elementor-element-423f87d elementor-section-boxed elementor-section-height-default elementor-section-height-default wpr-particle-no wpr-jarallax-no wpr-parallax-no wpr-sticky-section-no\" data-id=\"423f87d\" data-element_type=\"section\"><div class=\"elementor-container elementor-column-gap-default\"><div class=\"elementor-column elementor-col-100 elementor-top-column elementor-element elementor-element-bc4ded5\" data-id=\"bc4ded5\" data-element_type=\"column\"><div class=\"elementor-widget-wrap elementor-element-populated\"><div class=\"elementor-element elementor-element-805014e elementor-widget elementor-widget-text-editor\" data-id=\"805014e\" data-element_type=\"widget\" data-widget_type=\"text-editor.default\"><div class=\"elementor-widget-container\"><p data-start=\"215\" data-end=\"480\">V sodobnem \u010dasu se tradicionalne vloge mo\u0161kega in \u017eenske raztapljajo, a v nove odnose \u0161e vedno vna\u0161amo stare vzorce, prepri\u010danja in rane, ki smo jih podedovali. Nih\u010de nas ni nau\u010dil, kako graditi odnos v svetu, ki je hiter, zahteven in prepoln zunanjih dra\u017eljajev.<\/p><p data-start=\"482\" data-end=\"832\">Na odnose danes pogosto polagamo velik pritisk \u2013 pri\u010dakovanja, ideale in predstave, ki jih ustvarjajo dru\u017ebena omre\u017eja in mediji. Partnerju nezavedno projiciramo podobe popolnosti, hkrati pa pozabimo, da je ljubezen \u017eiva, surova in resni\u010dna \u2013 ni film, temve\u010d najmo\u010dnej\u0161e ogledalo na\u0161ega razvoja, prostora za rast, zdravljenje ega in odpiranje srca.<\/p><p data-start=\"834\" data-end=\"1319\"><strong>Mo\u0161ki in \u017eenska se dopolnjujeta, a imata druga\u010den ritem in v istih situacijah nasprotne potrebe<\/strong>.\u00a0<strong>S stresom se pogosto spopadata na kontrastne na\u010dine, zato brez uvidov in znanja o delovanju mo\u0161kega in \u017eenskega planeta te\u017eko delujeta slo\u017eno in usklajeno kot tim<\/strong>. Zgodi se, da ona tiho zameri zaradi neizpolnjenih pri\u010dakovanj, on pa ne ve, kaj je naredil narobe.\u00a0<strong>Pogosto pride do nesporazumov, ker razmi\u0161ljata in \u010dutita druga\u010de, \u010detudi \u010dustva gojita ista<\/strong>.<br \/>In tako\u00a0<strong>se dva, ki se imata rada, za\u010dneta izgubljati v prevodih<\/strong>\u00a0\u2013 ne zato, ker se ne ljubita, temve\u010d\u00a0<strong>ker govorita razli\u010dna jezika<\/strong>.<\/p><p data-start=\"1321\" data-end=\"1709\">Svetovanje nudi\u00a0<strong data-start=\"1337\" data-end=\"1439\">globlje razumevanje mo\u0161kega in \u017eenskega uma, mo\u017eganov, mo\u0161ke in \u017eenske energije, hormonov, biolo\u0161kih ritmov, \u010dustev in potreb<\/strong>.<\/p><p>\u017denske smo iz Venere, mo\u0161ki iz Marsa \u2013 odnosi pa se odvijajo na zemlji. Dejstvo je, da to zahteva\u00a0<strong data-start=\"1539\" data-end=\"1564\">zavestno usklajevanje<\/strong>, ki ni podrejanje ali kompromis, temve\u010d\u00a0<strong data-start=\"1605\" data-end=\"1642\">sprejemanje in razumevanje razlik<\/strong>, da lahko skupaj ustvarimo harmoni\u010den, podporen in ljube\u010d odnos.<\/p><p data-start=\"1943\" data-end=\"2141\"><strong>Ko pa spoznamo dinamiko obeh svetov \u2013 marsovskega in venerinega \u2013 lahko ustvarimo most med njima<\/strong>.<br \/>Ko razumemo drug drugega na vseh ravneh \u2013 fizi\u010dni, \u010dustveni, mentalni in duhovni \u2013 postane partnerski odnos sveti prostor rasti in zrcalo Bo\u017eanskega. Dom lahko postane varna oaza miru, raj na zemlji, kjer se ostali svet umakne in kjer stres postane strast.<\/p><\/div><\/div><\/div><\/div><\/div><\/section>\t\t\t\t\t\t\t\t<\/div>\n\t\t\t\t<\/div>\n\t\t\t\t\t<\/div>\n\t\t<\/div>\n\t\t\t\t\t<\/div>\n\t\t<\/section>\n\t\t\t\t<section class=\"elementor-section elementor-top-section elementor-element elementor-element-954e237 elementor-section-boxed elementor-section-height-default elementor-section-height-default wpr-particle-no wpr-jarallax-no wpr-parallax-no wpr-sticky-section-no\" data-id=\"954e237\" data-element_type=\"section\" data-e-type=\"section\">\n\t\t\t\t\t\t<div class=\"elementor-container elementor-column-gap-default\">\n\t\t\t\t\t<div class=\"elementor-column elementor-col-50 elementor-top-column elementor-element elementor-element-04a26a9 elementor-invisible\" data-id=\"04a26a9\" data-element_type=\"column\" data-e-type=\"column\" data-settings=\"{&quot;background_background&quot;:&quot;classic&quot;,&quot;animation&quot;:&quot;fadeInLeft&quot;}\">\n\t\t\t<div class=\"elementor-widget-wrap elementor-element-populated\">\n\t\t\t\t\t\t<div class=\"elementor-element elementor-element-489b4e5 elementor-align-center elementor-widget elementor-widget-button\" data-id=\"489b4e5\" data-element_type=\"widget\" data-e-type=\"widget\" data-settings=\"{&quot;_animation&quot;:&quot;none&quot;}\" data-widget_type=\"button.default\">\n\t\t\t\t<div class=\"elementor-widget-container\">\n\t\t\t\t\t\t\t\t\t<div class=\"elementor-button-wrapper\">\n\t\t\t\t\t<a class=\"elementor-button elementor-button-link elementor-size-md\" href=\"https:\/\/sandra-mars.com\/en\/booking\/\">\n\t\t\t\t\t\t<span class=\"elementor-button-content-wrapper\">\n\t\t\t\t\t\t\t\t\t<span class=\"elementor-button-text\">Rezerviraj svoj termin<\/span>\n\t\t\t\t\t<\/span>\n\t\t\t\t\t<\/a>\n\t\t\t\t<\/div>\n\t\t\t\t\t\t\t\t<\/div>\n\t\t\t\t<\/div>\n\t\t\t\t\t<\/div>\n\t\t<\/div>\n\t\t\t\t<div class=\"elementor-column elementor-col-50 elementor-top-column elementor-element elementor-element-4b2893c elementor-invisible\" data-id=\"4b2893c\" data-element_type=\"column\" data-e-type=\"column\" data-settings=\"{&quot;background_background&quot;:&quot;classic&quot;,&quot;animation&quot;:&quot;fadeInRight&quot;}\">\n\t\t\t<div class=\"elementor-widget-wrap elementor-element-populated\">\n\t\t\t\t\t\t<div class=\"elementor-element elementor-element-db13a70 elementor-align-center elementor-widget elementor-widget-button\" data-id=\"db13a70\" data-element_type=\"widget\" data-e-type=\"widget\" data-widget_type=\"button.default\">\n\t\t\t\t<div class=\"elementor-widget-container\">\n\t\t\t\t\t\t\t\t\t<div class=\"elementor-button-wrapper\">\n\t\t\t\t\t<a class=\"elementor-button elementor-button-link elementor-size-md\" href=\"https:\/\/sandra-mars.com\/en\/kontakt\/\">\n\t\t\t\t\t\t<span class=\"elementor-button-content-wrapper\">\n\t\t\t\t\t\t<span class=\"elementor-button-icon\">\n\t\t\t\t<i aria-hidden=\"true\" class=\"fas fa-mail-bulk\"><\/i>\t\t\t<\/span>\n\t\t\t\t\t\t\t\t\t<span class=\"elementor-button-text\">Po\u0161lji povpra\u0161evanje<\/span>\n\t\t\t\t\t<\/span>\n\t\t\t\t\t<\/a>\n\t\t\t\t<\/div>\n\t\t\t\t\t\t\t\t<\/div>\n\t\t\t\t<\/div>\n\t\t\t\t\t<\/div>\n\t\t<\/div>\n\t\t\t\t\t<\/div>\n\t\t<\/section>\n\t\t\t\t<\/div>","protected":false},"excerpt":{"rendered":"<p>KAKO POTEKA SVETOVANJE Mo\u017eno je tudi, da se za svetovanje odlo\u010di samo en partner, saj \u017ee ena oseba, ki za\u010dne spreminjati sebe, s tem pozitivno vpliva na drugega in na celoten odnos.\u017de s tem se lahko dinamika bistveno izbolj\u0161a za oba, saj mo\u0161ki in \u017eenska delujeta komplementarno \u2013 ko se eden odpre za sodelovanje in &hellip; <\/p>","protected":false},"author":1,"featured_media":0,"parent":0,"menu_order":0,"comment_status":"closed","ping_status":"closed","template":"elementor_header_footer","meta":{"footnotes":""},"class_list":["post-24404","page","type-page","status-publish","hentry","grid-sizer"],"yoast_head":"<!-- This site is optimized with the Yoast SEO plugin v27.3 - https:\/\/yoast.com\/product\/yoast-seo-wordpress\/ -->\n<title>Partnersko svetovanje -<\/title>\n<meta name=\"robots\" content=\"index, follow, max-snippet:-1, max-image-preview:large, max-video-preview:-1\" \/>\n<link rel=\"canonical\" href=\"https:\/\/sandra-mars.com\/en\/partnersko-svetovanje\/\" \/>\n<meta property=\"og:locale\" content=\"en_US\" \/>\n<meta property=\"og:type\" content=\"article\" \/>\n<meta property=\"og:title\" content=\"Partnersko svetovanje -\" \/>\n<meta property=\"og:description\" content=\"KAKO POTEKA SVETOVANJE Mo\u017eno je tudi, da se za svetovanje odlo\u010di samo en partner, saj \u017ee ena oseba, ki za\u010dne spreminjati sebe, s tem pozitivno vpliva na drugega in na celoten odnos.\u017de s tem se lahko dinamika bistveno izbolj\u0161a za oba, saj mo\u0161ki in \u017eenska delujeta komplementarno \u2013 ko se eden odpre za sodelovanje in &hellip;\" \/>\n<meta property=\"og:url\" content=\"https:\/\/sandra-mars.com\/en\/partnersko-svetovanje\/\" \/>\n<meta property=\"article:modified_time\" content=\"2026-04-06T16:24:54+00:00\" \/>\n<meta name=\"twitter:card\" content=\"summary_large_image\" \/>\n<meta name=\"twitter:label1\" content=\"Est. reading time\" \/>\n\t<meta name=\"twitter:data1\" content=\"8 minutes\" \/>\n<script type=\"application\/ld+json\" class=\"yoast-schema-graph\">{\"@context\":\"https:\\\/\\\/schema.org\",\"@graph\":[{\"@type\":\"WebPage\",\"@id\":\"https:\\\/\\\/sandra-mars.com\\\/partnersko-svetovanje\\\/\",\"url\":\"https:\\\/\\\/sandra-mars.com\\\/partnersko-svetovanje\\\/\",\"name\":\"Partnersko svetovanje -\",\"isPartOf\":{\"@id\":\"https:\\\/\\\/sandra-mars.com\\\/#website\"},\"datePublished\":\"2025-10-15T05:52:42+00:00\",\"dateModified\":\"2026-04-06T16:24:54+00:00\",\"breadcrumb\":{\"@id\":\"https:\\\/\\\/sandra-mars.com\\\/partnersko-svetovanje\\\/#breadcrumb\"},\"inLanguage\":\"en-US\",\"potentialAction\":[{\"@type\":\"ReadAction\",\"target\":[\"https:\\\/\\\/sandra-mars.com\\\/partnersko-svetovanje\\\/\"]}]},{\"@type\":\"BreadcrumbList\",\"@id\":\"https:\\\/\\\/sandra-mars.com\\\/partnersko-svetovanje\\\/#breadcrumb\",\"itemListElement\":[{\"@type\":\"ListItem\",\"position\":1,\"name\":\"Home\",\"item\":\"https:\\\/\\\/sandra-mars.com\\\/\"},{\"@type\":\"ListItem\",\"position\":2,\"name\":\"Partnersko svetovanje\"}]},{\"@type\":\"WebSite\",\"@id\":\"https:\\\/\\\/sandra-mars.com\\\/#website\",\"url\":\"https:\\\/\\\/sandra-mars.com\\\/\",\"name\":\"\",\"description\":\"\",\"potentialAction\":[{\"@type\":\"SearchAction\",\"target\":{\"@type\":\"EntryPoint\",\"urlTemplate\":\"https:\\\/\\\/sandra-mars.com\\\/?s={search_term_string}\"},\"query-input\":{\"@type\":\"PropertyValueSpecification\",\"valueRequired\":true,\"valueName\":\"search_term_string\"}}],\"inLanguage\":\"en-US\"}]}<\/script>\n<!-- \/ Yoast SEO plugin. -->","yoast_head_json":{"title":"Partnersko svetovanje -","robots":{"index":"index","follow":"follow","max-snippet":"max-snippet:-1","max-image-preview":"max-image-preview:large","max-video-preview":"max-video-preview:-1"},"canonical":"https:\/\/sandra-mars.com\/en\/partnersko-svetovanje\/","og_locale":"en_US","og_type":"article","og_title":"Partnersko svetovanje -","og_description":"KAKO POTEKA SVETOVANJE Mo\u017eno je tudi, da se za svetovanje odlo\u010di samo en partner, saj \u017ee ena oseba, ki za\u010dne spreminjati sebe, s tem pozitivno vpliva na drugega in na celoten odnos.\u017de s tem se lahko dinamika bistveno izbolj\u0161a za oba, saj mo\u0161ki in \u017eenska delujeta komplementarno \u2013 ko se eden odpre za sodelovanje in &hellip;","og_url":"https:\/\/sandra-mars.com\/en\/partnersko-svetovanje\/","article_modified_time":"2026-04-06T16:24:54+00:00","twitter_card":"summary_large_image","twitter_misc":{"Est. reading time":"8 minutes"},"schema":{"@context":"https:\/\/schema.org","@graph":[{"@type":"WebPage","@id":"https:\/\/sandra-mars.com\/partnersko-svetovanje\/","url":"https:\/\/sandra-mars.com\/partnersko-svetovanje\/","name":"Partnersko svetovanje -","isPartOf":{"@id":"https:\/\/sandra-mars.com\/#website"},"datePublished":"2025-10-15T05:52:42+00:00","dateModified":"2026-04-06T16:24:54+00:00","breadcrumb":{"@id":"https:\/\/sandra-mars.com\/partnersko-svetovanje\/#breadcrumb"},"inLanguage":"en-US","potentialAction":[{"@type":"ReadAction","target":["https:\/\/sandra-mars.com\/partnersko-svetovanje\/"]}]},{"@type":"BreadcrumbList","@id":"https:\/\/sandra-mars.com\/partnersko-svetovanje\/#breadcrumb","itemListElement":[{"@type":"ListItem","position":1,"name":"Home","item":"https:\/\/sandra-mars.com\/"},{"@type":"ListItem","position":2,"name":"Partnersko svetovanje"}]},{"@type":"WebSite","@id":"https:\/\/sandra-mars.com\/#website","url":"https:\/\/sandra-mars.com\/","name":"","description":"","potentialAction":[{"@type":"SearchAction","target":{"@type":"EntryPoint","urlTemplate":"https:\/\/sandra-mars.com\/?s={search_term_string}"},"query-input":{"@type":"PropertyValueSpecification","valueRequired":true,"valueName":"search_term_string"}}],"inLanguage":"en-US"}]}},"_links":{"self":[{"href":"https:\/\/sandra-mars.com\/en\/wp-json\/wp\/v2\/pages\/24404","targetHints":{"allow":["GET"]}}],"collection":[{"href":"https:\/\/sandra-mars.com\/en\/wp-json\/wp\/v2\/pages"}],"about":[{"href":"https:\/\/sandra-mars.com\/en\/wp-json\/wp\/v2\/types\/page"}],"author":[{"embeddable":true,"href":"https:\/\/sandra-mars.com\/en\/wp-json\/wp\/v2\/users\/1"}],"replies":[{"embeddable":true,"href":"https:\/\/sandra-mars.com\/en\/wp-json\/wp\/v2\/comments?post=24404"}],"version-history":[{"count":7,"href":"https:\/\/sandra-mars.com\/en\/wp-json\/wp\/v2\/pages\/24404\/revisions"}],"predecessor-version":[{"id":24897,"href":"https:\/\/sandra-mars.com\/en\/wp-json\/wp\/v2\/pages\/24404\/revisions\/24897"}],"wp:attachment":[{"href":"https:\/\/sandra-mars.com\/en\/wp-json\/wp\/v2\/media?parent=24404"}],"curies":[{"name":"wp","href":"https:\/\/api.w.org\/{rel}","templated":true}]}}