{"id":24407,"date":"2025-10-15T07:54:10","date_gmt":"2025-10-15T05:54:10","guid":{"rendered":"https:\/\/sandra-mars.com\/?page_id=24407"},"modified":"2026-04-06T18:25:32","modified_gmt":"2026-04-06T16:25:32","slug":"poslovno-svetovanje","status":"publish","type":"page","link":"https:\/\/sandra-mars.com\/en\/poslovno-svetovanje\/","title":{"rendered":"Poslovno svetovanje"},"content":{"rendered":"<div data-elementor-type=\"wp-page\" data-elementor-id=\"24407\" class=\"elementor elementor-24407\">\n\t\t\t\t\t\t<section class=\"elementor-section elementor-top-section elementor-element elementor-element-2e85b9d elementor-section-boxed elementor-section-height-default elementor-section-height-default wpr-particle-no wpr-jarallax-no wpr-parallax-no wpr-sticky-section-no\" data-id=\"2e85b9d\" data-element_type=\"section\" data-e-type=\"section\">\n\t\t\t\t\t\t<div class=\"elementor-container elementor-column-gap-default\">\n\t\t\t\t\t<div class=\"elementor-column elementor-col-100 elementor-top-column elementor-element elementor-element-e493da3\" data-id=\"e493da3\" data-element_type=\"column\" data-e-type=\"column\">\n\t\t\t<div class=\"elementor-widget-wrap elementor-element-populated\">\n\t\t\t\t\t\t<div class=\"elementor-element elementor-element-6c19d44 elementor-widget elementor-widget-text-editor\" data-id=\"6c19d44\" data-element_type=\"widget\" data-e-type=\"widget\" data-widget_type=\"text-editor.default\">\n\t\t\t\t<div class=\"elementor-widget-container\">\n\t\t\t\t\t\t\t\t\t<section class=\"elementor-section elementor-top-section elementor-element elementor-element-46a5dec elementor-section-boxed elementor-section-height-default elementor-section-height-default wpr-particle-no wpr-jarallax-no wpr-parallax-no wpr-sticky-section-no\" data-id=\"46a5dec\" data-element_type=\"section\"><div class=\"elementor-container elementor-column-gap-default\"><div class=\"elementor-column elementor-col-100 elementor-top-column elementor-element elementor-element-ffc1586\" data-id=\"ffc1586\" data-element_type=\"column\"><div class=\"elementor-widget-wrap elementor-element-populated\"><div class=\"elementor-element elementor-element-b644723 elementor-widget elementor-widget-text-editor\" data-id=\"b644723\" data-element_type=\"widget\" data-widget_type=\"text-editor.default\"><div class=\"elementor-widget-container\"><p>Mentorstvo, coaching in mojstrstvo za ustvarjanje<strong>\u00a05D+ posla, ki izvira iz tvojega du\u0161nega poslanstva<\/strong>\u00a0in te iskreno osre\u010duje.<\/p><\/div><\/div><\/div><\/div><\/div><\/section><section class=\"elementor-section elementor-top-section elementor-element elementor-element-d63378c elementor-section-boxed elementor-section-height-default elementor-section-height-default wpr-particle-no wpr-jarallax-no wpr-parallax-no wpr-sticky-section-no\" data-id=\"d63378c\" data-element_type=\"section\"><div class=\"elementor-container elementor-column-gap-default\"><div class=\"elementor-column elementor-col-100 elementor-top-column elementor-element elementor-element-052a12e\" data-id=\"052a12e\" data-element_type=\"column\"><div class=\"elementor-widget-wrap elementor-element-populated\"><div class=\"elementor-element elementor-element-14de723 elementor-widget elementor-widget-text-editor\" data-id=\"14de723\" data-element_type=\"widget\" data-widget_type=\"text-editor.default\"><div class=\"elementor-widget-container\"><p>Gre za\u00a0<strong>zavestno podjetni\u0161tvo nove dimenzije<\/strong>\u00a0\u2013 tak\u0161no, ki presega klasi\u010dne okvirje strategije in\u00a0<strong>se napaja iz notranje modrosti, intuicije in avtenti\u010dne vibracije<\/strong>.<\/p><p><strong>To je poslovna pot, ki jo vodi tvoja frekvenca, ne sistem<\/strong>. Skupaj prebudiva tvoj resni\u010dni potencial in darove, ki jih je tvoja \u017eivljenjska pot \u017ee aktivirala. Med procesom pridobi\u0161\u00a0<strong>zaupanje v svoje vizionarstvo in lastne ideje<\/strong>,\u00a0<strong>preobrazi\u0161 strahove v pogum<\/strong>\u00a0ter omejujo\u010da prepri\u010danja zamenja\u0161 s temelji, ki te podpirajo. Uskladi\u0161 um z inteligenco srca, aktivira\u0161 notranjo mo\u010d in deluje\u0161 iz modrosti svoje du\u0161e.<\/p><p><strong>Poudarek je na preto\u010dnosti, notranjem ravnovesju yin in yang poslovanja in shakti magnetizmu<\/strong>. Nau\u010di\u0161 se zavestno preklapljati med odlo\u010dno mo\u0161ko energijo akcije in mogo\u010dno \u017eensko energijo manifest-akcije, da tvoje delovanje postane naraven izraz tvoje izvorne energije.<br \/>Skozi proces spozna\u0161, kako ostati pri\u017egana brez izgorelosti, ohranjati stik z navdihom in ustvarjalno silo ter kako povezati intuicijo s strate\u0161kim delovanjem. Tvoje poslovanje postane \u017eivo, preto\u010dno in v sozvo\u010dju z univerzalnimi zakonitostmi obilja in lahkotne kreacije.<\/p><\/div><\/div><\/div><\/div><\/div><\/section>\t\t\t\t\t\t\t\t<\/div>\n\t\t\t\t<\/div>\n\t\t\t\t\t<\/div>\n\t\t<\/div>\n\t\t\t\t\t<\/div>\n\t\t<\/section>\n\t\t\t\t<section class=\"elementor-section elementor-top-section elementor-element elementor-element-e6ccf85 elementor-section-boxed elementor-section-height-default elementor-section-height-default wpr-particle-no wpr-jarallax-no wpr-parallax-no wpr-sticky-section-no\" data-id=\"e6ccf85\" data-element_type=\"section\" data-e-type=\"section\">\n\t\t\t\t\t\t<div class=\"elementor-container elementor-column-gap-default\">\n\t\t\t\t\t<div class=\"elementor-column elementor-col-50 elementor-top-column elementor-element elementor-element-4a63289 elementor-invisible\" data-id=\"4a63289\" data-element_type=\"column\" data-e-type=\"column\" data-settings=\"{&quot;background_background&quot;:&quot;classic&quot;,&quot;animation&quot;:&quot;fadeInLeft&quot;}\">\n\t\t\t<div class=\"elementor-widget-wrap elementor-element-populated\">\n\t\t\t\t\t\t<div class=\"elementor-element elementor-element-e3cc80f elementor-align-center elementor-widget elementor-widget-button\" data-id=\"e3cc80f\" data-element_type=\"widget\" data-e-type=\"widget\" data-settings=\"{&quot;_animation&quot;:&quot;none&quot;}\" data-widget_type=\"button.default\">\n\t\t\t\t<div class=\"elementor-widget-container\">\n\t\t\t\t\t\t\t\t\t<div class=\"elementor-button-wrapper\">\n\t\t\t\t\t<a class=\"elementor-button elementor-button-link elementor-size-md\" href=\"https:\/\/sandra-mars.com\/en\/booking\/\">\n\t\t\t\t\t\t<span class=\"elementor-button-content-wrapper\">\n\t\t\t\t\t\t\t\t\t<span class=\"elementor-button-text\">Rezerviraj svoj termin<\/span>\n\t\t\t\t\t<\/span>\n\t\t\t\t\t<\/a>\n\t\t\t\t<\/div>\n\t\t\t\t\t\t\t\t<\/div>\n\t\t\t\t<\/div>\n\t\t\t\t\t<\/div>\n\t\t<\/div>\n\t\t\t\t<div class=\"elementor-column elementor-col-50 elementor-top-column elementor-element elementor-element-3874a93 elementor-invisible\" data-id=\"3874a93\" data-element_type=\"column\" data-e-type=\"column\" data-settings=\"{&quot;background_background&quot;:&quot;classic&quot;,&quot;animation&quot;:&quot;fadeInRight&quot;}\">\n\t\t\t<div class=\"elementor-widget-wrap elementor-element-populated\">\n\t\t\t\t\t\t<div class=\"elementor-element elementor-element-0d6d0d7 elementor-align-center elementor-widget elementor-widget-button\" data-id=\"0d6d0d7\" data-element_type=\"widget\" data-e-type=\"widget\" data-widget_type=\"button.default\">\n\t\t\t\t<div class=\"elementor-widget-container\">\n\t\t\t\t\t\t\t\t\t<div class=\"elementor-button-wrapper\">\n\t\t\t\t\t<a class=\"elementor-button elementor-button-link elementor-size-md\" href=\"https:\/\/sandra-mars.com\/en\/kontakt\/\">\n\t\t\t\t\t\t<span class=\"elementor-button-content-wrapper\">\n\t\t\t\t\t\t<span class=\"elementor-button-icon\">\n\t\t\t\t<i aria-hidden=\"true\" class=\"fas fa-mail-bulk\"><\/i>\t\t\t<\/span>\n\t\t\t\t\t\t\t\t\t<span class=\"elementor-button-text\">Po\u0161lji povpra\u0161evanje<\/span>\n\t\t\t\t\t<\/span>\n\t\t\t\t\t<\/a>\n\t\t\t\t<\/div>\n\t\t\t\t\t\t\t\t<\/div>\n\t\t\t\t<\/div>\n\t\t\t\t\t<\/div>\n\t\t<\/div>\n\t\t\t\t\t<\/div>\n\t\t<\/section>\n\t\t\t\t<\/div>","protected":false},"excerpt":{"rendered":"<p>Mentorstvo, coaching in mojstrstvo za ustvarjanje\u00a05D+ posla, ki izvira iz tvojega du\u0161nega poslanstva\u00a0in te iskreno osre\u010duje. Gre za\u00a0zavestno podjetni\u0161tvo nove dimenzije\u00a0\u2013 tak\u0161no, ki presega klasi\u010dne okvirje strategije in\u00a0se napaja iz notranje modrosti, intuicije in avtenti\u010dne vibracije. To je poslovna pot, ki jo vodi tvoja frekvenca, ne sistem. Skupaj prebudiva tvoj resni\u010dni potencial in darove, ki &hellip; <\/p>","protected":false},"author":1,"featured_media":0,"parent":0,"menu_order":0,"comment_status":"closed","ping_status":"closed","template":"elementor_header_footer","meta":{"footnotes":""},"class_list":["post-24407","page","type-page","status-publish","hentry","grid-sizer"],"yoast_head":"<!-- This site is optimized with the Yoast SEO plugin v27.3 - https:\/\/yoast.com\/product\/yoast-seo-wordpress\/ -->\n<title>Poslovno svetovanje -<\/title>\n<meta name=\"robots\" content=\"index, follow, max-snippet:-1, max-image-preview:large, max-video-preview:-1\" \/>\n<link rel=\"canonical\" href=\"https:\/\/sandra-mars.com\/en\/poslovno-svetovanje\/\" \/>\n<meta property=\"og:locale\" content=\"en_US\" \/>\n<meta property=\"og:type\" content=\"article\" \/>\n<meta property=\"og:title\" content=\"Poslovno svetovanje -\" \/>\n<meta property=\"og:description\" content=\"Mentorstvo, coaching in mojstrstvo za ustvarjanje\u00a05D+ posla, ki izvira iz tvojega du\u0161nega poslanstva\u00a0in te iskreno osre\u010duje. Gre za\u00a0zavestno podjetni\u0161tvo nove dimenzije\u00a0\u2013 tak\u0161no, ki presega klasi\u010dne okvirje strategije in\u00a0se napaja iz notranje modrosti, intuicije in avtenti\u010dne vibracije. To je poslovna pot, ki jo vodi tvoja frekvenca, ne sistem. Skupaj prebudiva tvoj resni\u010dni potencial in darove, ki &hellip;\" \/>\n<meta property=\"og:url\" content=\"https:\/\/sandra-mars.com\/en\/poslovno-svetovanje\/\" \/>\n<meta property=\"article:modified_time\" content=\"2026-04-06T16:25:32+00:00\" \/>\n<meta name=\"twitter:card\" content=\"summary_large_image\" \/>\n<meta name=\"twitter:label1\" content=\"Est. reading time\" \/>\n\t<meta name=\"twitter:data1\" content=\"2 minutes\" \/>\n<script type=\"application\/ld+json\" class=\"yoast-schema-graph\">{\"@context\":\"https:\\\/\\\/schema.org\",\"@graph\":[{\"@type\":\"WebPage\",\"@id\":\"https:\\\/\\\/sandra-mars.com\\\/poslovno-svetovanje\\\/\",\"url\":\"https:\\\/\\\/sandra-mars.com\\\/poslovno-svetovanje\\\/\",\"name\":\"Poslovno svetovanje -\",\"isPartOf\":{\"@id\":\"https:\\\/\\\/sandra-mars.com\\\/#website\"},\"datePublished\":\"2025-10-15T05:54:10+00:00\",\"dateModified\":\"2026-04-06T16:25:32+00:00\",\"breadcrumb\":{\"@id\":\"https:\\\/\\\/sandra-mars.com\\\/poslovno-svetovanje\\\/#breadcrumb\"},\"inLanguage\":\"en-US\",\"potentialAction\":[{\"@type\":\"ReadAction\",\"target\":[\"https:\\\/\\\/sandra-mars.com\\\/poslovno-svetovanje\\\/\"]}]},{\"@type\":\"BreadcrumbList\",\"@id\":\"https:\\\/\\\/sandra-mars.com\\\/poslovno-svetovanje\\\/#breadcrumb\",\"itemListElement\":[{\"@type\":\"ListItem\",\"position\":1,\"name\":\"Home\",\"item\":\"https:\\\/\\\/sandra-mars.com\\\/\"},{\"@type\":\"ListItem\",\"position\":2,\"name\":\"Poslovno svetovanje\"}]},{\"@type\":\"WebSite\",\"@id\":\"https:\\\/\\\/sandra-mars.com\\\/#website\",\"url\":\"https:\\\/\\\/sandra-mars.com\\\/\",\"name\":\"\",\"description\":\"\",\"potentialAction\":[{\"@type\":\"SearchAction\",\"target\":{\"@type\":\"EntryPoint\",\"urlTemplate\":\"https:\\\/\\\/sandra-mars.com\\\/?s={search_term_string}\"},\"query-input\":{\"@type\":\"PropertyValueSpecification\",\"valueRequired\":true,\"valueName\":\"search_term_string\"}}],\"inLanguage\":\"en-US\"}]}<\/script>\n<!-- \/ Yoast SEO plugin. -->","yoast_head_json":{"title":"Poslovno svetovanje -","robots":{"index":"index","follow":"follow","max-snippet":"max-snippet:-1","max-image-preview":"max-image-preview:large","max-video-preview":"max-video-preview:-1"},"canonical":"https:\/\/sandra-mars.com\/en\/poslovno-svetovanje\/","og_locale":"en_US","og_type":"article","og_title":"Poslovno svetovanje -","og_description":"Mentorstvo, coaching in mojstrstvo za ustvarjanje\u00a05D+ posla, ki izvira iz tvojega du\u0161nega poslanstva\u00a0in te iskreno osre\u010duje. Gre za\u00a0zavestno podjetni\u0161tvo nove dimenzije\u00a0\u2013 tak\u0161no, ki presega klasi\u010dne okvirje strategije in\u00a0se napaja iz notranje modrosti, intuicije in avtenti\u010dne vibracije. To je poslovna pot, ki jo vodi tvoja frekvenca, ne sistem. Skupaj prebudiva tvoj resni\u010dni potencial in darove, ki &hellip;","og_url":"https:\/\/sandra-mars.com\/en\/poslovno-svetovanje\/","article_modified_time":"2026-04-06T16:25:32+00:00","twitter_card":"summary_large_image","twitter_misc":{"Est. reading time":"2 minutes"},"schema":{"@context":"https:\/\/schema.org","@graph":[{"@type":"WebPage","@id":"https:\/\/sandra-mars.com\/poslovno-svetovanje\/","url":"https:\/\/sandra-mars.com\/poslovno-svetovanje\/","name":"Poslovno svetovanje -","isPartOf":{"@id":"https:\/\/sandra-mars.com\/#website"},"datePublished":"2025-10-15T05:54:10+00:00","dateModified":"2026-04-06T16:25:32+00:00","breadcrumb":{"@id":"https:\/\/sandra-mars.com\/poslovno-svetovanje\/#breadcrumb"},"inLanguage":"en-US","potentialAction":[{"@type":"ReadAction","target":["https:\/\/sandra-mars.com\/poslovno-svetovanje\/"]}]},{"@type":"BreadcrumbList","@id":"https:\/\/sandra-mars.com\/poslovno-svetovanje\/#breadcrumb","itemListElement":[{"@type":"ListItem","position":1,"name":"Home","item":"https:\/\/sandra-mars.com\/"},{"@type":"ListItem","position":2,"name":"Poslovno svetovanje"}]},{"@type":"WebSite","@id":"https:\/\/sandra-mars.com\/#website","url":"https:\/\/sandra-mars.com\/","name":"","description":"","potentialAction":[{"@type":"SearchAction","target":{"@type":"EntryPoint","urlTemplate":"https:\/\/sandra-mars.com\/?s={search_term_string}"},"query-input":{"@type":"PropertyValueSpecification","valueRequired":true,"valueName":"search_term_string"}}],"inLanguage":"en-US"}]}},"_links":{"self":[{"href":"https:\/\/sandra-mars.com\/en\/wp-json\/wp\/v2\/pages\/24407","targetHints":{"allow":["GET"]}}],"collection":[{"href":"https:\/\/sandra-mars.com\/en\/wp-json\/wp\/v2\/pages"}],"about":[{"href":"https:\/\/sandra-mars.com\/en\/wp-json\/wp\/v2\/types\/page"}],"author":[{"embeddable":true,"href":"https:\/\/sandra-mars.com\/en\/wp-json\/wp\/v2\/users\/1"}],"replies":[{"embeddable":true,"href":"https:\/\/sandra-mars.com\/en\/wp-json\/wp\/v2\/comments?post=24407"}],"version-history":[{"count":13,"href":"https:\/\/sandra-mars.com\/en\/wp-json\/wp\/v2\/pages\/24407\/revisions"}],"predecessor-version":[{"id":24900,"href":"https:\/\/sandra-mars.com\/en\/wp-json\/wp\/v2\/pages\/24407\/revisions\/24900"}],"wp:attachment":[{"href":"https:\/\/sandra-mars.com\/en\/wp-json\/wp\/v2\/media?parent=24407"}],"curies":[{"name":"wp","href":"https:\/\/api.w.org\/{rel}","templated":true}]}}