{"id":5865,"date":"2022-04-27T10:14:35","date_gmt":"2022-04-27T08:14:35","guid":{"rendered":"https:\/\/sandra-mars.com\/booking\/"},"modified":"2024-09-08T15:42:43","modified_gmt":"2024-09-08T13:42:43","slug":"booking","status":"publish","type":"page","link":"https:\/\/sandra-mars.com\/en\/booking\/","title":{"rendered":"Rezervacije"},"content":{"rendered":"<div data-elementor-type=\"wp-page\" data-elementor-id=\"5865\" class=\"elementor elementor-5865\">\n\t\t\t\t\t\t<section class=\"elementor-section elementor-top-section elementor-element elementor-element-ce10c23 elementor-section-boxed elementor-section-height-default elementor-section-height-default wpr-particle-no wpr-jarallax-no wpr-parallax-no wpr-sticky-section-no\" data-id=\"ce10c23\" data-element_type=\"section\" data-e-type=\"section\">\n\t\t\t\t\t\t<div class=\"elementor-container elementor-column-gap-default\">\n\t\t\t\t\t<div class=\"elementor-column elementor-col-100 elementor-top-column elementor-element elementor-element-674e052\" data-id=\"674e052\" data-element_type=\"column\" data-e-type=\"column\">\n\t\t\t<div class=\"elementor-widget-wrap elementor-element-populated\">\n\t\t\t\t\t\t<div class=\"elementor-element elementor-element-ceb7fd9 elementor-widget elementor-widget-ssa-booking\" data-id=\"ceb7fd9\" data-element_type=\"widget\" data-e-type=\"widget\" data-widget_type=\"ssa-booking.default\">\n\t\t\t\t<div class=\"elementor-widget-container\">\n\t\t\t\t\t\t\t<div class=\"elementor-ssa-booking-wrapper\">\n\t\t\t<div >\n\t\t\t\t<div class=\"ssa-booking\">\n\t\t\t\t\t<iframe src=\"https:\/\/sandra-mars.com\/en\/wp-json\/ssa\/v1\/embed-inner?integration&type&label&types&edit&view&payment_provider&ssa_locale=en_US&ssa_is_rtl&sid=b89c089b57dec67a2c5d42682a9b62ad65cdaf60&availability_start_date&availability_end_date&suggest_first_available&suggest_first_available_within_minutes&flow&fallback_flow&time_view&date_view&appointment_types_view=cardList&version&accent_color&background&padding=3px&font&booking_url=https%3A%2F%2Fsandra-mars.com%2Fen%2Fbooking%2F&booking_post_id=5865&booking_title=Rezervacije&_wpnonce=38e3deb588&redirect_post_id&mepr_membership_id#\/\" height=\"400px\" width=\"100%\" name=\"ssa_booking\" loading=\"eager\" frameborder=\"0\" data-skip-lazy=\"1\" class=\"ssa_booking_iframe skip-lazy\" title=\"Book a time\"><\/iframe>\t\t\t\t<\/div>\n\t\t\t<\/div>\n\t\t<\/div>\n\t\t\t\t\t\t<\/div>\n\t\t\t\t<\/div>\n\t\t\t\t\t<\/div>\n\t\t<\/div>\n\t\t\t\t\t<\/div>\n\t\t<\/section>\n\t\t\t\t<section class=\"elementor-section elementor-top-section elementor-element elementor-element-ec8cad9 elementor-section-boxed elementor-section-height-default elementor-section-height-default wpr-particle-no wpr-jarallax-no wpr-parallax-no wpr-sticky-section-no\" data-id=\"ec8cad9\" data-element_type=\"section\" data-e-type=\"section\">\n\t\t\t\t\t\t<div class=\"elementor-container elementor-column-gap-default\">\n\t\t\t\t\t<div class=\"elementor-column elementor-col-100 elementor-top-column elementor-element elementor-element-e8dc498\" data-id=\"e8dc498\" data-element_type=\"column\" data-e-type=\"column\">\n\t\t\t<div class=\"elementor-widget-wrap elementor-element-populated\">\n\t\t\t\t\t\t<div class=\"elementor-element elementor-element-621876c elementor-widget elementor-widget-heading\" data-id=\"621876c\" data-element_type=\"widget\" data-e-type=\"widget\" data-widget_type=\"heading.default\">\n\t\t\t\t<div class=\"elementor-widget-container\">\n\t\t\t\t\t<h2 class=\"elementor-heading-title elementor-size-default\">MNENJA STRANK<\/h2>\t\t\t\t<\/div>\n\t\t\t\t<\/div>\n\t\t\t\t\t<\/div>\n\t\t<\/div>\n\t\t\t\t\t<\/div>\n\t\t<\/section>\n\t\t\t\t<section class=\"elementor-section elementor-top-section elementor-element elementor-element-33a4d60 elementor-section-height-min-height elementor-section-boxed elementor-section-height-default elementor-section-items-middle wpr-particle-no wpr-jarallax-no wpr-parallax-no wpr-sticky-section-no\" data-id=\"33a4d60\" data-element_type=\"section\" data-e-type=\"section\">\n\t\t\t\t\t\t<div class=\"elementor-container elementor-column-gap-no\">\n\t\t\t\t\t<div class=\"elementor-column elementor-col-100 elementor-top-column elementor-element elementor-element-9682026\" data-id=\"9682026\" data-element_type=\"column\" data-e-type=\"column\">\n\t\t\t<div class=\"elementor-widget-wrap elementor-element-populated\">\n\t\t\t\t\t\t<div class=\"elementor-element elementor-element-4d3cd7d wpr-testimonial-slider-columns-1 wpr-testimonial-slider-columns--tablet2 wpr-testimonial-slider-columns--mobile1 wpr-testimonial-rating-style_2 wpr-testimonial-triangle-yes wpr-testimonial-meta-position-bottom wpr-testimonial-meta-align-center wpr-testimonial-image-position-center elementor-widget elementor-widget-wpr-testimonial\" data-id=\"4d3cd7d\" data-element_type=\"widget\" data-e-type=\"widget\" data-settings=\"{&quot;testimonial_amount&quot;:&quot;1&quot;,&quot;testimonial_amount_tablet&quot;:2,&quot;testimonial_amount_mobile&quot;:1,&quot;testimonial_slides_to_scroll&quot;:2,&quot;testimonial_loop&quot;:&quot;yes&quot;}\" data-widget_type=\"wpr-testimonial.default\">\n\t\t\t\t<div class=\"elementor-widget-container\">\n\t\t\t\t\t\t\t<div class=\"wpr-testimonial-carousel-wrap\">\n\t\t\t\n\t\t\t<div class=\"wpr-testimonial-carousel\" dir=\"ltr\" data-slick=\"{&quot;rtl&quot;:false,&quot;infinite&quot;:true,&quot;speed&quot;:700,&quot;arrows&quot;:true,&quot;dots&quot;:true,&quot;autoplay&quot;:false,&quot;autoplaySpeed&quot;:0,&quot;pauseOnHover&quot;:&quot;&quot;,&quot;prevArrow&quot;:&quot;#wpr-testimonial-prev-4d3cd7d&quot;,&quot;nextArrow&quot;:&quot;#wpr-testimonial-next-4d3cd7d&quot;,&quot;sliderSlidesToScroll&quot;:2}\" data-slide-effect=\"slide\">\n\t\t\t\t\t\n\t\t\t\t\t\n\t\t\t\t\t\t\t\t\t\t\t\n\t\t\t\t\t\t<div class=\"wpr-testimonial-item elementor-repeater-item-7e6cc90 elementor-clearfix\">\n\t\t\t\t\t\t\t\n\t\t\t\t\t\t\t<div class=\"wpr-testimonial-meta elementor-clearfix\">\n\t\t\t\t\t\t\t\t<div class=\"wpr-testimonial-meta-inner\">\n\t\t\t\t\t\t\t\t\n\t\t\n\t\t\t\n\t\t<div class=\"wpr-testimonial-meta-content-wrap\">\n\t\t\t\n\t\t\t\n\t\t\t\n\t\t<\/div>\n\t\t\t\t\t\t\t\t\t\t<\/div>\n\t\t\t\t\t\t\t<\/div>\n\n\t\t\t\t\t\t\t\n\t\t<div class=\"wpr-testimonial-content-wrap\">\n\t\t\t<div class=\"wpr-testimonial-content-inner\">\n\t\t\t\n\t\t\t\t\t\t\t<div class=\"wpr-testimonial-title\">Mamica in \u017eena v karieri<\/div>\n\t\t\t\n\t\t\t\t\t\t\t\t\n\n\t\t\t<div class=\"wpr-testimonial-rating\">\n\t\t\t\n\n                                                            <i class=\"wpr-rating-icon-full\">&#9734;<\/i>\n                                    \n\n\t     \t\n\n                                                            <i class=\"wpr-rating-icon-full\">&#9734;<\/i>\n                                    \n\n\t     \t\n\n                                                            <i class=\"wpr-rating-icon-full\">&#9734;<\/i>\n                                    \n\n\t     \t\n\n                                                            <i class=\"wpr-rating-icon-full\">&#9734;<\/i>\n                                    \n\n\t     \t\n\n                                                            <i class=\"wpr-rating-icon-full\">&#9734;<\/i>\n                                    \n\n\t     \t\n\t     \t\t\t\t<\/div>\n\n\t\t\t\t\n\t\t\t\t\t\t\t<div class=\"wpr-testimonial-content\">\n\t\t\t\t\t\n\t\t\t\t\t<p><p>\"Ko sem se prvi\u010d odlo\u010dila sre\u010dati s Sandro Mars, sem bila zmedena in nisem vedela, kaj pri\u010dakovati. Moje \u017eivljenje je bilo polno stresa, vendar sem se bala sprejeti korak k spremembi. Po prvem sre\u010danju sem spoznala, kako spro\u0161\u010dujo\u010da je lahko izku\u0161nja. \u017dal mi je, da se nisem prej odlo\u010dila, a sem hvale\u017ena, da sem se kon\u010dno opogumila. Rezultati ve\u010dtedenskega programa so bili izjemni. Moje sposobnosti obvladovanja stresnih situacij so se izbolj\u0161ale, \u010das zase je postal neprecenljiv, in zdaj znam u\u010dinkovito odklopiti od dela ter se osredoto\u010diti na svojo \u017eensko energijo. Sandra Mars je resni\u010dno spremenila moj pogled na \u017eivljenje, in rezultati so opazni v vsakem vidiku mojega dneva. La\u017eje usklajujem dom, dru\u017eino in delo, odnosi v dru\u017eini, slu\u017ebi in intimni odnos s partnerjem so se ob\u010dutno izbolj\u0161ali. Zdaj sem polna in izpolnjena, ni ve\u010d praznine in nezadovoljstva, ki me je prej iz\u010drpavalo. Hvale\u017ena sem za novo kakovost mojega \u017eivljenja in izku\u0161njo toplo priporo\u010dam vsem \u017eenskam, ki so izgorele, preobremenjene ali si \u017eelijo za\u017eiveti osvobojeno, sre\u010dno in lahkotno.\"<\/p><\/p>\n\t\t\t\t<\/div>\n\t\t\t\n\t\t\t\n\t\t\t\t\t\t<\/div>\n\t\t<\/div>\n\n\t    \n\t\t\t\t\t\t\t\n\t\t\t\t\t\t<\/div>\n\t\t\t\t\t\t\n\t\t\t\t\t\t\t\t\t\t\t\n\t\t\t\t\t\t<div class=\"wpr-testimonial-item elementor-repeater-item-2420536 elementor-clearfix\">\n\t\t\t\t\t\t\t\n\t\t\t\t\t\t\t<div class=\"wpr-testimonial-meta elementor-clearfix\">\n\t\t\t\t\t\t\t\t<div class=\"wpr-testimonial-meta-inner\">\n\t\t\t\t\t\t\t\t\n\t\t\n\t\t\t\n\t\t<div class=\"wpr-testimonial-meta-content-wrap\">\n\t\t\t\n\t\t\t\n\t\t\t\n\t\t<\/div>\n\t\t\t\t\t\t\t\t\t\t<\/div>\n\t\t\t\t\t\t\t<\/div>\n\n\t\t\t\t\t\t\t\n\t\t<div class=\"wpr-testimonial-content-wrap\">\n\t\t\t<div class=\"wpr-testimonial-content-inner\">\n\t\t\t\n\t\t\t\t\t\t\t<div class=\"wpr-testimonial-title\">Mladostnik z \u017eivljenjskimi izzivi<\/div>\n\t\t\t\n\t\t\t\t\t\t\t\t\n\n\t\t\t<div class=\"wpr-testimonial-rating\">\n\t\t\t\n\n                                                            <i class=\"wpr-rating-icon-full\">&#9734;<\/i>\n                                    \n\n\t     \t\n\n                                                            <i class=\"wpr-rating-icon-full\">&#9734;<\/i>\n                                    \n\n\t     \t\n\n                                                            <i class=\"wpr-rating-icon-full\">&#9734;<\/i>\n                                    \n\n\t     \t\n\n                                                            <i class=\"wpr-rating-icon-full\">&#9734;<\/i>\n                                    \n\n\t     \t\n\n                                                            <i class=\"wpr-rating-icon-full\">&#9734;<\/i>\n                                    \n\n\t     \t\n\t     \t\t\t\t<\/div>\n\n\t\t\t\t\n\t\t\t\t\t\t\t<div class=\"wpr-testimonial-content\">\n\t\t\t\t\t\n\t\t\t\t\t<p><p>\"Nisem vedel, kaj naj pri\u010dakujem, ko sem prvi\u010d stopil v Sandrin prostor, saj me je na sre\u010danje naro\u010dila mama, ki je njena redna stranka. Moje notranje boje sem skrival pred svetom (skrival sem tudi sebe), a hkrati sem si \u017eelel spremembe, ker nisem mogel ve\u010d tako nadaljevati. Sandra je ustvarila okolje sprostitve in zaupanja, ki mi je omogo\u010dilo, da sem se po\u010dasi odprl. Govorila je moj jezik, a mi je kljub temu postregla z dejstvi, ki so me prisilila, da sem sebe primel v roke. Ni me obsojala, razumela me je in me spodbujala. Od mene je izvlekla najbolj\u0161e, saj me je znala nepopisno motivirati. Sre\u010danja so presegla vsa moja pri\u010dakovanja. Dobil sem konkretna navodila in usmeritve ter odgovore na vsa vpra\u0161anja. Razumel sem 'zakaj' in dobil sem napotke o 'kako'. Zaklju\u010dil sem srednjo \u0161olo, opravil izpit za avto, na\u0161el punco in nove prijatelje. Tesnoba se je ob\u010dutno zmanj\u0161ala, in zdaj se znam u\u010dinkovito soo\u010dati s svojimi izzivi. Hvale\u017een sem Sandri za podporo in spremembe, ki so se zgodile v mojem \u017eivljenju.\"<\/p><\/p>\n\t\t\t\t<\/div>\n\t\t\t\n\t\t\t\n\t\t\t\t\t\t<\/div>\n\t\t<\/div>\n\n\t    \n\t\t\t\t\t\t\t\n\t\t\t\t\t\t<\/div>\n\t\t\t\t\t\t\n\t\t\t\t\t\t\t\t\t\t\t\n\t\t\t\t\t\t<div class=\"wpr-testimonial-item elementor-repeater-item-3e9efb0 elementor-clearfix\">\n\t\t\t\t\t\t\t\n\t\t\t\t\t\t\t<div class=\"wpr-testimonial-meta elementor-clearfix\">\n\t\t\t\t\t\t\t\t<div class=\"wpr-testimonial-meta-inner\">\n\t\t\t\t\t\t\t\t\n\t\t\n\t\t\t\n\t\t<div class=\"wpr-testimonial-meta-content-wrap\">\n\t\t\t\n\t\t\t\n\t\t\t\n\t\t<\/div>\n\t\t\t\t\t\t\t\t\t\t<\/div>\n\t\t\t\t\t\t\t<\/div>\n\n\t\t\t\t\t\t\t\n\t\t<div class=\"wpr-testimonial-content-wrap\">\n\t\t\t<div class=\"wpr-testimonial-content-inner\">\n\t\t\t\n\t\t\t\t\t\t\t<div class=\"wpr-testimonial-title\">\u017denska v iskanju novega smisla<\/div>\n\t\t\t\n\t\t\t\t\t\t\t\t\n\n\t\t\t<div class=\"wpr-testimonial-rating\">\n\t\t\t\n\n                                                            <i class=\"wpr-rating-icon-full\">&#9734;<\/i>\n                                    \n\n\t     \t\n\n                                                            <i class=\"wpr-rating-icon-full\">&#9734;<\/i>\n                                    \n\n\t     \t\n\n                                                            <i class=\"wpr-rating-icon-full\">&#9734;<\/i>\n                                    \n\n\t     \t\n\n                                                            <i class=\"wpr-rating-icon-full\">&#9734;<\/i>\n                                    \n\n\t     \t\n\n                                                            <i class=\"wpr-rating-icon-full\">&#9734;<\/i>\n                                    \n\n\t     \t\n\t     \t\t\t\t<\/div>\n\n\t\t\t\t\n\t\t\t\t\t\t\t<div class=\"wpr-testimonial-content\">\n\t\t\t\t\t\n\t\t\t\t\t<p><p>\"Ko sem se prvi\u010d prijavila na seanso s Sandro Mars sem bila razo\u010darana, nezadovoljna in obupana nad vsem. Nekje v meni je bila \u017eelja po spremembi, vendar sem se bala neznanega. V sebi nisem imela ve\u010d mo\u010di, bila sem brez motivacije in popolnoma ugasnjena. Sre\u010danja pri Sandri Mars so bila presenetljivo spro\u0161\u010dujo\u010da, zelo zabavna, polna modrosti, globine in razumevanja, zato sem jih vsak teden komaj \u010dakala. Postopoma sem opazila, kako se spreminjam od znotraj. Moje razmi\u0161ljanje se je spremenilo, za\u010dela sem bolje razumeti svoje \u017eelje in cilje ter na\u0161la notranji mir. Stvari so se mi razjasnile, dobila sem neprecenljive uvide in se zavedala veliko stvari, katerih prej nisem videla. S pomo\u010djo njenih terapevtkinih vodstev sem na\u0161la svoj smisel \u017eivljenja in pridobila jasnost glede svoje poti. Zdaj vem to\u010dno kaj ho\u010dem, in \u0161e pomembneje, vem kako si to vzeti. Spremembe, ki so se zgodile med sre\u010danji, so mi odprle o\u010di in mi omogo\u010dile, da bolje razumem kako oblikovati svoje \u017eivljenje po lastnih \u017eeljah. Razumela sem zakaj sem se ujela v za\u010daran krog in zakaj so se mi dolo\u010dene situacije ponavljale. Hvale\u017eena sem za to dragoceno izku\u0161njo, ki mi je dala trdno oporo in znanje za nadaljnje korake.\"<\/p><\/p>\n\t\t\t\t<\/div>\n\t\t\t\n\t\t\t\n\t\t\t\t\t\t<\/div>\n\t\t<\/div>\n\n\t    \n\t\t\t\t\t\t\t\n\t\t\t\t\t\t<\/div>\n\t\t\t\t\t\t\n\t\t\t\t\t\t\t\t\t\t\t\n\t\t\t\t\t\t<div class=\"wpr-testimonial-item elementor-repeater-item-c421afe elementor-clearfix\">\n\t\t\t\t\t\t\t\n\t\t\t\t\t\t\t<div class=\"wpr-testimonial-meta elementor-clearfix\">\n\t\t\t\t\t\t\t\t<div class=\"wpr-testimonial-meta-inner\">\n\t\t\t\t\t\t\t\t\n\t\t\n\t\t\t\n\t\t<div class=\"wpr-testimonial-meta-content-wrap\">\n\t\t\t\n\t\t\t\n\t\t\t\n\t\t<\/div>\n\t\t\t\t\t\t\t\t\t\t<\/div>\n\t\t\t\t\t\t\t<\/div>\n\n\t\t\t\t\t\t\t\n\t\t<div class=\"wpr-testimonial-content-wrap\">\n\t\t\t<div class=\"wpr-testimonial-content-inner\">\n\t\t\t\n\t\t\t\t\t\t\t<div class=\"wpr-testimonial-title\">Razo\u010darana gospodinja in nesre\u010dna \u017eena<\/div>\n\t\t\t\n\t\t\t\t\t\t\t\t\n\n\t\t\t<div class=\"wpr-testimonial-rating\">\n\t\t\t\n\n                                                            <i class=\"wpr-rating-icon-full\">&#9734;<\/i>\n                                    \n\n\t     \t\n\n                                                            <i class=\"wpr-rating-icon-full\">&#9734;<\/i>\n                                    \n\n\t     \t\n\n                                                            <i class=\"wpr-rating-icon-full\">&#9734;<\/i>\n                                    \n\n\t     \t\n\n                                                            <i class=\"wpr-rating-icon-full\">&#9734;<\/i>\n                                    \n\n\t     \t\n\n                                                            <i class=\"wpr-rating-icon-full\">&#9734;<\/i>\n                                    \n\n\t     \t\n\t     \t\t\t\t<\/div>\n\n\t\t\t\t\n\t\t\t\t\t\t\t<div class=\"wpr-testimonial-content\">\n\t\t\t\t\t\n\t\t\t\t\t<p><p>Moja partnerska zveza je do\u017eivela preobrat. Nau\u010dila sem se delovati skladno z \u017eensko energijo in spremembe so se takoj pokazale. Partner je opazil mojo pozitivno energijo, ki sem jo prinesla iz terapevtskih sej. Izbolj\u0161ala se je najina komunikacija, libido, ob\u010dutek privla\u010dnosti in celo kakovost najinega seksualnega \u017eivljenja. Sandra Mars mi je pomagala prebuditi strast in ljubezen do same sebe, kar se je odrazilo tudi v odnosu s partnerjem. Nisem ve\u010d razo\u010darana gospodinja in nesre\u010dna \u017eena, temve\u010d \u017eenska, ki je ponovno odkrila radost, strast in notranje zadovoljstvo. Hvale\u017ena sem Sandri za vso podporo in pomo\u010d, da sem lahko zasijala in, da je moj partnerski odnos zacvetel.\"<\/p><\/p>\n\t\t\t\t<\/div>\n\t\t\t\n\t\t\t\n\t\t\t\t\t\t<\/div>\n\t\t<\/div>\n\n\t    \n\t\t\t\t\t\t\t\n\t\t\t\t\t\t<\/div>\n\t\t\t\t\t\t\t\t\t<\/div>\n\n\t\t\t<div class=\"wpr-testimonial-controls\">\n\t\t\t\t<div class=\"wpr-testimonial-dots\"><\/div>\n\t\t\t<\/div>\n\n\t\t\t<div class=\"wpr-testimonial-arrow-container\">\n\t\t\t\t<div class=\"wpr-testimonial-prev-arrow wpr-testimonial-arrow\" id=\"wpr-testimonial-prev-4d3cd7d\">\n\t\t\t\t\t<svg version=\"1.1\" xmlns=\"http:\/\/www.w3.org\/2000\/svg\" xmlns:xlink=\"http:\/\/www.w3.org\/1999\/xlink\" x=\"0px\" y=\"0px\" viewbox=\"0 0 283.4 512\" style=\"enable-background:new 0 0 283.4 512;\" xml:space=\"preserve\"><g><polygon class=\"st0\" points=\"54.5,256.3 283.4,485.1 256.1,512.5 0,256.3 0,256.3 27.2,229 256.1,0 283.4,27.4 \"\/><\/g><\/svg>\t\t\t\t<\/div>\n\t\t\t\t<div class=\"wpr-testimonial-next-arrow wpr-testimonial-arrow\" id=\"wpr-testimonial-next-4d3cd7d\">\n\t\t\t\t\t<svg version=\"1.1\" xmlns=\"http:\/\/www.w3.org\/2000\/svg\" xmlns:xlink=\"http:\/\/www.w3.org\/1999\/xlink\" x=\"0px\" y=\"0px\" viewbox=\"0 0 283.4 512\" style=\"enable-background:new 0 0 283.4 512;\" xml:space=\"preserve\"><g><polygon class=\"st0\" points=\"54.5,256.3 283.4,485.1 256.1,512.5 0,256.3 0,256.3 27.2,229 256.1,0 283.4,27.4 \"\/><\/g><\/svg>\t\t\t\t<\/div>\n\t\t\t<\/div>\n\t\t<\/div>\n\n\t\t\t\t\t<\/div>\n\t\t\t\t<\/div>\n\t\t\t\t\t<\/div>\n\t\t<\/div>\n\t\t\t\t\t<\/div>\n\t\t<\/section>\n\t\t\t\t<\/div>","protected":false},"excerpt":{"rendered":"<p>MNENJA STRANK Mamica in \u017eena v karieri &#9734; &#9734; &#9734; &#9734; &#9734; &#8220;Ko sem se prvi\u010d odlo\u010dila sre\u010dati s Sandro Mars, sem bila zmedena in nisem vedela, kaj pri\u010dakovati. Moje \u017eivljenje je bilo polno stresa, vendar sem se bala sprejeti korak k spremembi. Po prvem sre\u010danju sem spoznala, kako spro\u0161\u010dujo\u010da je lahko izku\u0161nja. \u017dal mi &hellip; <\/p>","protected":false},"author":1,"featured_media":0,"parent":0,"menu_order":0,"comment_status":"closed","ping_status":"closed","template":"","meta":{"footnotes":""},"class_list":["post-5865","page","type-page","status-publish","hentry","grid-sizer"],"yoast_head":"<!-- This site is optimized with the Yoast SEO plugin v27.3 - https:\/\/yoast.com\/product\/yoast-seo-wordpress\/ -->\n<title>Rezervacije -<\/title>\n<meta name=\"robots\" content=\"index, follow, max-snippet:-1, max-image-preview:large, max-video-preview:-1\" \/>\n<link rel=\"canonical\" href=\"https:\/\/sandra-mars.com\/en\/booking\/\" \/>\n<meta property=\"og:locale\" content=\"en_US\" \/>\n<meta property=\"og:type\" content=\"article\" \/>\n<meta property=\"og:title\" content=\"Rezervacije -\" \/>\n<meta property=\"og:description\" content=\"MNENJA STRANK Mamica in \u017eena v karieri &#9734; &#9734; &#9734; &#9734; &#9734; &#8220;Ko sem se prvi\u010d odlo\u010dila sre\u010dati s Sandro Mars, sem bila zmedena in nisem vedela, kaj pri\u010dakovati. Moje \u017eivljenje je bilo polno stresa, vendar sem se bala sprejeti korak k spremembi. Po prvem sre\u010danju sem spoznala, kako spro\u0161\u010dujo\u010da je lahko izku\u0161nja. \u017dal mi &hellip;\" \/>\n<meta property=\"og:url\" content=\"https:\/\/sandra-mars.com\/en\/booking\/\" \/>\n<meta property=\"article:modified_time\" content=\"2024-09-08T13:42:43+00:00\" \/>\n<meta name=\"twitter:card\" content=\"summary_large_image\" \/>\n<meta name=\"twitter:label1\" content=\"Est. reading time\" \/>\n\t<meta name=\"twitter:data1\" content=\"7 minutes\" \/>\n<script type=\"application\/ld+json\" class=\"yoast-schema-graph\">{\"@context\":\"https:\\\/\\\/schema.org\",\"@graph\":[{\"@type\":\"WebPage\",\"@id\":\"https:\\\/\\\/sandra-mars.com\\\/booking\\\/\",\"url\":\"https:\\\/\\\/sandra-mars.com\\\/booking\\\/\",\"name\":\"Rezervacije -\",\"isPartOf\":{\"@id\":\"https:\\\/\\\/sandra-mars.com\\\/#website\"},\"datePublished\":\"2022-04-27T08:14:35+00:00\",\"dateModified\":\"2024-09-08T13:42:43+00:00\",\"breadcrumb\":{\"@id\":\"https:\\\/\\\/sandra-mars.com\\\/booking\\\/#breadcrumb\"},\"inLanguage\":\"en-US\",\"potentialAction\":[{\"@type\":\"ReadAction\",\"target\":[\"https:\\\/\\\/sandra-mars.com\\\/booking\\\/\"]}]},{\"@type\":\"BreadcrumbList\",\"@id\":\"https:\\\/\\\/sandra-mars.com\\\/booking\\\/#breadcrumb\",\"itemListElement\":[{\"@type\":\"ListItem\",\"position\":1,\"name\":\"Home\",\"item\":\"https:\\\/\\\/sandra-mars.com\\\/\"},{\"@type\":\"ListItem\",\"position\":2,\"name\":\"Rezervacije\"}]},{\"@type\":\"WebSite\",\"@id\":\"https:\\\/\\\/sandra-mars.com\\\/#website\",\"url\":\"https:\\\/\\\/sandra-mars.com\\\/\",\"name\":\"\",\"description\":\"\",\"potentialAction\":[{\"@type\":\"SearchAction\",\"target\":{\"@type\":\"EntryPoint\",\"urlTemplate\":\"https:\\\/\\\/sandra-mars.com\\\/?s={search_term_string}\"},\"query-input\":{\"@type\":\"PropertyValueSpecification\",\"valueRequired\":true,\"valueName\":\"search_term_string\"}}],\"inLanguage\":\"en-US\"}]}<\/script>\n<!-- \/ Yoast SEO plugin. -->","yoast_head_json":{"title":"Rezervacije -","robots":{"index":"index","follow":"follow","max-snippet":"max-snippet:-1","max-image-preview":"max-image-preview:large","max-video-preview":"max-video-preview:-1"},"canonical":"https:\/\/sandra-mars.com\/en\/booking\/","og_locale":"en_US","og_type":"article","og_title":"Rezervacije -","og_description":"MNENJA STRANK Mamica in \u017eena v karieri &#9734; &#9734; &#9734; &#9734; &#9734; &#8220;Ko sem se prvi\u010d odlo\u010dila sre\u010dati s Sandro Mars, sem bila zmedena in nisem vedela, kaj pri\u010dakovati. Moje \u017eivljenje je bilo polno stresa, vendar sem se bala sprejeti korak k spremembi. Po prvem sre\u010danju sem spoznala, kako spro\u0161\u010dujo\u010da je lahko izku\u0161nja. \u017dal mi &hellip;","og_url":"https:\/\/sandra-mars.com\/en\/booking\/","article_modified_time":"2024-09-08T13:42:43+00:00","twitter_card":"summary_large_image","twitter_misc":{"Est. reading time":"7 minutes"},"schema":{"@context":"https:\/\/schema.org","@graph":[{"@type":"WebPage","@id":"https:\/\/sandra-mars.com\/booking\/","url":"https:\/\/sandra-mars.com\/booking\/","name":"Rezervacije -","isPartOf":{"@id":"https:\/\/sandra-mars.com\/#website"},"datePublished":"2022-04-27T08:14:35+00:00","dateModified":"2024-09-08T13:42:43+00:00","breadcrumb":{"@id":"https:\/\/sandra-mars.com\/booking\/#breadcrumb"},"inLanguage":"en-US","potentialAction":[{"@type":"ReadAction","target":["https:\/\/sandra-mars.com\/booking\/"]}]},{"@type":"BreadcrumbList","@id":"https:\/\/sandra-mars.com\/booking\/#breadcrumb","itemListElement":[{"@type":"ListItem","position":1,"name":"Home","item":"https:\/\/sandra-mars.com\/"},{"@type":"ListItem","position":2,"name":"Rezervacije"}]},{"@type":"WebSite","@id":"https:\/\/sandra-mars.com\/#website","url":"https:\/\/sandra-mars.com\/","name":"","description":"","potentialAction":[{"@type":"SearchAction","target":{"@type":"EntryPoint","urlTemplate":"https:\/\/sandra-mars.com\/?s={search_term_string}"},"query-input":{"@type":"PropertyValueSpecification","valueRequired":true,"valueName":"search_term_string"}}],"inLanguage":"en-US"}]}},"_links":{"self":[{"href":"https:\/\/sandra-mars.com\/en\/wp-json\/wp\/v2\/pages\/5865","targetHints":{"allow":["GET"]}}],"collection":[{"href":"https:\/\/sandra-mars.com\/en\/wp-json\/wp\/v2\/pages"}],"about":[{"href":"https:\/\/sandra-mars.com\/en\/wp-json\/wp\/v2\/types\/page"}],"author":[{"embeddable":true,"href":"https:\/\/sandra-mars.com\/en\/wp-json\/wp\/v2\/users\/1"}],"replies":[{"embeddable":true,"href":"https:\/\/sandra-mars.com\/en\/wp-json\/wp\/v2\/comments?post=5865"}],"version-history":[{"count":105,"href":"https:\/\/sandra-mars.com\/en\/wp-json\/wp\/v2\/pages\/5865\/revisions"}],"predecessor-version":[{"id":23587,"href":"https:\/\/sandra-mars.com\/en\/wp-json\/wp\/v2\/pages\/5865\/revisions\/23587"}],"wp:attachment":[{"href":"https:\/\/sandra-mars.com\/en\/wp-json\/wp\/v2\/media?parent=5865"}],"curies":[{"name":"wp","href":"https:\/\/api.w.org\/{rel}","templated":true}]}}