{"id":6522,"date":"2022-08-12T09:24:35","date_gmt":"2022-08-12T07:24:35","guid":{"rendered":"https:\/\/sandra-mars.com\/?page_id=6522"},"modified":"2023-10-18T20:43:41","modified_gmt":"2023-10-18T18:43:41","slug":"dogodki-delavnice","status":"publish","type":"page","link":"https:\/\/sandra-mars.com\/en\/dogodki-delavnice\/","title":{"rendered":"DOGODKI\/DELAVNICE"},"content":{"rendered":"<div data-elementor-type=\"wp-page\" data-elementor-id=\"6522\" class=\"elementor elementor-6522\">\n\t\t\t\t\t\t<section class=\"elementor-section elementor-top-section elementor-element elementor-element-9acbe89 elementor-section-boxed elementor-section-height-default elementor-section-height-default wpr-particle-no wpr-jarallax-no wpr-parallax-no wpr-sticky-section-no\" data-id=\"9acbe89\" data-element_type=\"section\" data-e-type=\"section\" data-settings=\"{&quot;background_background&quot;:&quot;classic&quot;}\">\n\t\t\t\t\t\t<div class=\"elementor-container elementor-column-gap-custom\">\n\t\t\t\t\t<div class=\"elementor-column elementor-col-100 elementor-top-column elementor-element elementor-element-ed8462b\" data-id=\"ed8462b\" data-element_type=\"column\" data-e-type=\"column\">\n\t\t\t<div class=\"elementor-widget-wrap elementor-element-populated\">\n\t\t\t\t\t\t<div class=\"elementor-element elementor-element-90475bc elementor-widget elementor-widget-heading\" data-id=\"90475bc\" data-element_type=\"widget\" data-e-type=\"widget\" data-widget_type=\"heading.default\">\n\t\t\t\t<div class=\"elementor-widget-container\">\n\t\t\t\t\t<h2 class=\"elementor-heading-title elementor-size-default\">4 Elle delavnice in dogodki za \u017eenske<\/h2>\t\t\t\t<\/div>\n\t\t\t\t<\/div>\n\t\t\t\t<div class=\"elementor-element elementor-element-88da13e elementor-widget elementor-widget-heading\" data-id=\"88da13e\" data-element_type=\"widget\" data-e-type=\"widget\" data-widget_type=\"heading.default\">\n\t\t\t\t<div class=\"elementor-widget-container\">\n\t\t\t\t\t<h3 class=\"elementor-heading-title elementor-size-default\">Dogodki in delavnice za \u017eenske namenjene delu na sebi, aktivaciji \u017eenske energije, povezovanju in dru\u017eenju. Dogodki se odvijajo v \u017eivo v Kopru za omejeno \u0161tevilo udele\u017eenk.\n<br>Prijavi se na e-novi\u010dke, \u010de \u017eeli\u0161 bit obve\u0161\u010dena kdaj bo naslednji.<\/h3>\t\t\t\t<\/div>\n\t\t\t\t<\/div>\n\t\t\t\t\t<\/div>\n\t\t<\/div>\n\t\t\t\t\t<\/div>\n\t\t<\/section>\n\t\t\t\t<section class=\"elementor-section elementor-top-section elementor-element elementor-element-85663f1 elementor-section-boxed elementor-section-height-default elementor-section-height-default wpr-particle-no wpr-jarallax-no wpr-parallax-no wpr-sticky-section-no\" data-id=\"85663f1\" data-element_type=\"section\" data-e-type=\"section\" data-settings=\"{&quot;background_background&quot;:&quot;classic&quot;,&quot;shape_divider_bottom&quot;:&quot;opacity-fan&quot;}\">\n\t\t\t\t\t<div class=\"elementor-shape elementor-shape-bottom\" aria-hidden=\"true\" data-negative=\"false\">\n\t\t\t<svg xmlns=\"http:\/\/www.w3.org\/2000\/svg\" viewbox=\"0 0 283.5 19.6\" preserveaspectratio=\"none\">\n\t<path class=\"elementor-shape-fill\" style=\"opacity:0.33\" d=\"M0 0L0 18.8 141.8 4.1 283.5 18.8 283.5 0z\"\/>\n\t<path class=\"elementor-shape-fill\" style=\"opacity:0.33\" d=\"M0 0L0 12.6 141.8 4 283.5 12.6 283.5 0z\"\/>\n\t<path class=\"elementor-shape-fill\" style=\"opacity:0.33\" d=\"M0 0L0 6.4 141.8 4 283.5 6.4 283.5 0z\"\/>\n\t<path class=\"elementor-shape-fill\" d=\"M0 0L0 1.2 141.8 4 283.5 1.2 283.5 0z\"\/>\n<\/svg>\t\t<\/div>\n\t\t\t\t\t<div class=\"elementor-container elementor-column-gap-default\">\n\t\t\t\t\t<div class=\"elementor-column elementor-col-66 elementor-top-column elementor-element elementor-element-18dfbee\" data-id=\"18dfbee\" data-element_type=\"column\" data-e-type=\"column\">\n\t\t\t<div class=\"elementor-widget-wrap elementor-element-populated\">\n\t\t\t\t\t\t<div class=\"elementor-element elementor-element-3b008f9 elementor-invisible elementor-widget elementor-widget-image\" data-id=\"3b008f9\" data-element_type=\"widget\" data-e-type=\"widget\" data-settings=\"{&quot;_animation&quot;:&quot;fadeInDown&quot;}\" data-widget_type=\"image.default\">\n\t\t\t\t<div class=\"elementor-widget-container\">\n\t\t\t\t\t\t\t\t\t\t\t\t\t\t\t\t<a href=\"https:\/\/sandra-mars.com\/en\/4elle-sola-zenska-energija-in-manifestacija\/\">\n\t\t\t\t\t\t\t<img fetchpriority=\"high\" decoding=\"async\" width=\"810\" height=\"456\" src=\"https:\/\/sandra-mars.com\/wp-content\/uploads\/2023\/10\/4ELLE-SOLA-ZA-ZENSKO-ENERGIJO-IN-MANIFESTACIJO-SANDRA-MARS-1024x577.jpg\" class=\"attachment-large size-large wp-image-22814\" alt=\"\" srcset=\"https:\/\/sandra-mars.com\/wp-content\/uploads\/2023\/10\/4ELLE-SOLA-ZA-ZENSKO-ENERGIJO-IN-MANIFESTACIJO-SANDRA-MARS-1024x577.jpg 1024w, https:\/\/sandra-mars.com\/wp-content\/uploads\/2023\/10\/4ELLE-SOLA-ZA-ZENSKO-ENERGIJO-IN-MANIFESTACIJO-SANDRA-MARS-350x197.jpg 350w, https:\/\/sandra-mars.com\/wp-content\/uploads\/2023\/10\/4ELLE-SOLA-ZA-ZENSKO-ENERGIJO-IN-MANIFESTACIJO-SANDRA-MARS-680x383.jpg 680w, https:\/\/sandra-mars.com\/wp-content\/uploads\/2023\/10\/4ELLE-SOLA-ZA-ZENSKO-ENERGIJO-IN-MANIFESTACIJO-SANDRA-MARS-300x169.jpg 300w, https:\/\/sandra-mars.com\/wp-content\/uploads\/2023\/10\/4ELLE-SOLA-ZA-ZENSKO-ENERGIJO-IN-MANIFESTACIJO-SANDRA-MARS-768x433.jpg 768w, https:\/\/sandra-mars.com\/wp-content\/uploads\/2023\/10\/4ELLE-SOLA-ZA-ZENSKO-ENERGIJO-IN-MANIFESTACIJO-SANDRA-MARS-1536x865.jpg 1536w, https:\/\/sandra-mars.com\/wp-content\/uploads\/2023\/10\/4ELLE-SOLA-ZA-ZENSKO-ENERGIJO-IN-MANIFESTACIJO-SANDRA-MARS-18x10.jpg 18w, https:\/\/sandra-mars.com\/wp-content\/uploads\/2023\/10\/4ELLE-SOLA-ZA-ZENSKO-ENERGIJO-IN-MANIFESTACIJO-SANDRA-MARS-200x113.jpg 200w, https:\/\/sandra-mars.com\/wp-content\/uploads\/2023\/10\/4ELLE-SOLA-ZA-ZENSKO-ENERGIJO-IN-MANIFESTACIJO-SANDRA-MARS.jpg 1640w\" sizes=\"(max-width: 810px) 100vw, 810px\" \/>\t\t\t\t\t\t\t\t<\/a>\n\t\t\t\t\t\t\t\t\t\t\t\t\t\t\t<\/div>\n\t\t\t\t<\/div>\n\t\t\t\t<div class=\"elementor-element elementor-element-0ac86ba elementor-align-center elementor-hidden-mobile elementor-widget elementor-widget-button\" data-id=\"0ac86ba\" data-element_type=\"widget\" data-e-type=\"widget\" data-widget_type=\"button.default\">\n\t\t\t\t<div class=\"elementor-widget-container\">\n\t\t\t\t\t\t\t\t\t<div class=\"elementor-button-wrapper\">\n\t\t\t\t\t<a class=\"elementor-button elementor-button-link elementor-size-xs\" href=\"https:\/\/sandra-mars.com\/en\/4elle-sola-zenska-energija-in-manifestacija\/\">\n\t\t\t\t\t\t<span class=\"elementor-button-content-wrapper\">\n\t\t\t\t\t\t\t\t\t<span class=\"elementor-button-text\">Beri ve\u010d...<\/span>\n\t\t\t\t\t<\/span>\n\t\t\t\t\t<\/a>\n\t\t\t\t<\/div>\n\t\t\t\t\t\t\t\t<\/div>\n\t\t\t\t<\/div>\n\t\t\t\t\t<\/div>\n\t\t<\/div>\n\t\t\t\t<div class=\"elementor-column elementor-col-33 elementor-top-column elementor-element elementor-element-f930ffe\" data-id=\"f930ffe\" data-element_type=\"column\" data-e-type=\"column\">\n\t\t\t<div class=\"elementor-widget-wrap elementor-element-populated\">\n\t\t\t\t\t\t<div class=\"elementor-element elementor-element-d2bc02e elementor-widget elementor-widget-heading\" data-id=\"d2bc02e\" data-element_type=\"widget\" data-e-type=\"widget\" data-widget_type=\"heading.default\">\n\t\t\t\t<div class=\"elementor-widget-container\">\n\t\t\t\t\t<h2 class=\"elementor-heading-title elementor-size-default\">NOVember je mesec novih za\u010detkov!\nPrihaja 4Elle \u0161ola za Kraljice manifestacije in \u017eensko energijo.<\/h2>\t\t\t\t<\/div>\n\t\t\t\t<\/div>\n\t\t\t\t<div class=\"elementor-element elementor-element-85ecdb0 elementor-widget elementor-widget-heading\" data-id=\"85ecdb0\" data-element_type=\"widget\" data-e-type=\"widget\" data-widget_type=\"heading.default\">\n\t\t\t\t<div class=\"elementor-widget-container\">\n\t\t\t\t\t<h2 class=\"elementor-heading-title elementor-size-default\">Ne odla\u0161aj, prijavi se zdaj!<\/h2>\t\t\t\t<\/div>\n\t\t\t\t<\/div>\n\t\t\t\t<div class=\"elementor-element elementor-element-9795bb8 elementor-align-left elementor-widget elementor-widget-button\" data-id=\"9795bb8\" data-element_type=\"widget\" data-e-type=\"widget\" data-widget_type=\"button.default\">\n\t\t\t\t<div class=\"elementor-widget-container\">\n\t\t\t\t\t\t\t\t\t<div class=\"elementor-button-wrapper\">\n\t\t\t\t\t<a class=\"elementor-button elementor-button-link elementor-size-xs\" href=\"https:\/\/sandra-mars.com\/en\/4elle-sola-zenska-energija-in-manifestacija\/\">\n\t\t\t\t\t\t<span class=\"elementor-button-content-wrapper\">\n\t\t\t\t\t\t\t\t\t<span class=\"elementor-button-text\">Ve\u010d informacij...<\/span>\n\t\t\t\t\t<\/span>\n\t\t\t\t\t<\/a>\n\t\t\t\t<\/div>\n\t\t\t\t\t\t\t\t<\/div>\n\t\t\t\t<\/div>\n\t\t\t\t\t<\/div>\n\t\t<\/div>\n\t\t\t\t\t<\/div>\n\t\t<\/section>\n\t\t\t\t<section class=\"elementor-section elementor-top-section elementor-element elementor-element-e254d23 elementor-section-full_width elementor-section-height-default elementor-section-height-default wpr-particle-no wpr-jarallax-no wpr-parallax-no wpr-sticky-section-no\" data-id=\"e254d23\" data-element_type=\"section\" data-e-type=\"section\" data-settings=\"{&quot;background_background&quot;:&quot;classic&quot;}\">\n\t\t\t\t\t\t<div class=\"elementor-container elementor-column-gap-default\">\n\t\t\t\t\t<div class=\"elementor-column elementor-col-100 elementor-top-column elementor-element elementor-element-57fc817\" data-id=\"57fc817\" data-element_type=\"column\" data-e-type=\"column\">\n\t\t\t<div class=\"elementor-widget-wrap elementor-element-populated\">\n\t\t\t\t\t\t<section class=\"elementor-section elementor-inner-section elementor-element elementor-element-1772b54 elementor-section-full_width elementor-section-height-default elementor-section-height-default wpr-particle-no wpr-jarallax-no wpr-parallax-no wpr-sticky-section-no\" data-id=\"1772b54\" data-element_type=\"section\" data-e-type=\"section\">\n\t\t\t\t\t\t<div class=\"elementor-container elementor-column-gap-default\">\n\t\t\t\t\t<div class=\"elementor-column elementor-col-50 elementor-inner-column elementor-element elementor-element-ecc6fb5\" data-id=\"ecc6fb5\" data-element_type=\"column\" data-e-type=\"column\">\n\t\t\t<div class=\"elementor-widget-wrap elementor-element-populated\">\n\t\t\t\t\t\t<div class=\"elementor-element elementor-element-c650c07 elementor-widget elementor-widget-heading\" data-id=\"c650c07\" data-element_type=\"widget\" data-e-type=\"widget\" data-widget_type=\"heading.default\">\n\t\t\t\t<div class=\"elementor-widget-container\">\n\t\t\t\t\t<h6 class=\"elementor-heading-title elementor-size-default\">NE ZAMUDI PRILO\u017dNOSTI<\/h6>\t\t\t\t<\/div>\n\t\t\t\t<\/div>\n\t\t\t\t<div class=\"elementor-element elementor-element-69aa3c8 elementor-widget elementor-widget-heading\" data-id=\"69aa3c8\" data-element_type=\"widget\" data-e-type=\"widget\" data-widget_type=\"heading.default\">\n\t\t\t\t<div class=\"elementor-widget-container\">\n\t\t\t\t\t<h3 class=\"elementor-heading-title elementor-size-default\">Vsak dan je nov dan in \u010disto vsak dan je lahko tvoj dan. Za\u010dni zdaj. \n<br>Prijavi se na 4Elle e-magazine, dostopaj do ekskluzivnih vsebin in bodi obve\u0161\u010dena o novosti, dogodkih in posebnih ponudbah.<\/h3>\t\t\t\t<\/div>\n\t\t\t\t<\/div>\n\t\t\t\t\t<\/div>\n\t\t<\/div>\n\t\t\t\t<div class=\"elementor-column elementor-col-50 elementor-inner-column elementor-element elementor-element-3ce1fc8\" data-id=\"3ce1fc8\" data-element_type=\"column\" data-e-type=\"column\">\n\t\t\t<div class=\"elementor-widget-wrap\">\n\t\t\t\t\t\t\t<\/div>\n\t\t<\/div>\n\t\t\t\t\t<\/div>\n\t\t<\/section>\n\t\t\t\t\t<\/div>\n\t\t<\/div>\n\t\t\t\t\t<\/div>\n\t\t<\/section>\n\t\t\t\t<\/div>","protected":false},"excerpt":{"rendered":"<p>4 Elle delavnice in dogodki za \u017eenske Dogodki in delavnice za \u017eenske namenjene delu na sebi, aktivaciji \u017eenske energije, povezovanju in dru\u017eenju. Dogodki se odvijajo v \u017eivo v Kopru za omejeno \u0161tevilo udele\u017eenk. Prijavi se na e-novi\u010dke, \u010de \u017eeli\u0161 bit obve\u0161\u010dena kdaj bo naslednji. Beri ve\u010d&#8230; NOVember je mesec novih za\u010detkov! Prihaja 4Elle \u0161ola za &hellip; <\/p>","protected":false},"author":1,"featured_media":0,"parent":0,"menu_order":0,"comment_status":"closed","ping_status":"closed","template":"elementor_header_footer","meta":{"footnotes":""},"class_list":["post-6522","page","type-page","status-publish","hentry","grid-sizer"],"yoast_head":"<!-- This site is optimized with the Yoast SEO plugin v27.3 - https:\/\/yoast.com\/product\/yoast-seo-wordpress\/ -->\n<title>DOGODKI\/DELAVNICE -<\/title>\n<meta name=\"robots\" content=\"index, follow, max-snippet:-1, max-image-preview:large, max-video-preview:-1\" \/>\n<link rel=\"canonical\" href=\"https:\/\/sandra-mars.com\/en\/dogodki-delavnice\/\" \/>\n<meta property=\"og:locale\" content=\"en_US\" \/>\n<meta property=\"og:type\" content=\"article\" \/>\n<meta property=\"og:title\" content=\"DOGODKI\/DELAVNICE -\" \/>\n<meta property=\"og:description\" content=\"4 Elle delavnice in dogodki za \u017eenske Dogodki in delavnice za \u017eenske namenjene delu na sebi, aktivaciji \u017eenske energije, povezovanju in dru\u017eenju. Dogodki se odvijajo v \u017eivo v Kopru za omejeno \u0161tevilo udele\u017eenk. Prijavi se na e-novi\u010dke, \u010de \u017eeli\u0161 bit obve\u0161\u010dena kdaj bo naslednji. Beri ve\u010d&#8230; NOVember je mesec novih za\u010detkov! Prihaja 4Elle \u0161ola za &hellip;\" \/>\n<meta property=\"og:url\" content=\"https:\/\/sandra-mars.com\/en\/dogodki-delavnice\/\" \/>\n<meta property=\"article:modified_time\" content=\"2023-10-18T18:43:41+00:00\" \/>\n<meta property=\"og:image\" content=\"https:\/\/sandra-mars.com\/wp-content\/uploads\/2023\/10\/4ELLE-SOLA-ZA-ZENSKO-ENERGIJO-IN-MANIFESTACIJO-SANDRA-MARS-1024x577.jpg\" \/>\n<meta name=\"twitter:card\" content=\"summary_large_image\" \/>\n<meta name=\"twitter:label1\" content=\"Est. reading time\" \/>\n\t<meta name=\"twitter:data1\" content=\"1 minute\" \/>\n<script type=\"application\/ld+json\" class=\"yoast-schema-graph\">{\"@context\":\"https:\\\/\\\/schema.org\",\"@graph\":[{\"@type\":\"WebPage\",\"@id\":\"https:\\\/\\\/sandra-mars.com\\\/dogodki-delavnice\\\/\",\"url\":\"https:\\\/\\\/sandra-mars.com\\\/dogodki-delavnice\\\/\",\"name\":\"DOGODKI\\\/DELAVNICE -\",\"isPartOf\":{\"@id\":\"https:\\\/\\\/sandra-mars.com\\\/#website\"},\"primaryImageOfPage\":{\"@id\":\"https:\\\/\\\/sandra-mars.com\\\/dogodki-delavnice\\\/#primaryimage\"},\"image\":{\"@id\":\"https:\\\/\\\/sandra-mars.com\\\/dogodki-delavnice\\\/#primaryimage\"},\"thumbnailUrl\":\"https:\\\/\\\/sandra-mars.com\\\/wp-content\\\/uploads\\\/2023\\\/10\\\/4ELLE-SOLA-ZA-ZENSKO-ENERGIJO-IN-MANIFESTACIJO-SANDRA-MARS-1024x577.jpg\",\"datePublished\":\"2022-08-12T07:24:35+00:00\",\"dateModified\":\"2023-10-18T18:43:41+00:00\",\"breadcrumb\":{\"@id\":\"https:\\\/\\\/sandra-mars.com\\\/dogodki-delavnice\\\/#breadcrumb\"},\"inLanguage\":\"en-US\",\"potentialAction\":[{\"@type\":\"ReadAction\",\"target\":[\"https:\\\/\\\/sandra-mars.com\\\/dogodki-delavnice\\\/\"]}]},{\"@type\":\"ImageObject\",\"inLanguage\":\"en-US\",\"@id\":\"https:\\\/\\\/sandra-mars.com\\\/dogodki-delavnice\\\/#primaryimage\",\"url\":\"https:\\\/\\\/sandra-mars.com\\\/wp-content\\\/uploads\\\/2023\\\/10\\\/4ELLE-SOLA-ZA-ZENSKO-ENERGIJO-IN-MANIFESTACIJO-SANDRA-MARS-1024x577.jpg\",\"contentUrl\":\"https:\\\/\\\/sandra-mars.com\\\/wp-content\\\/uploads\\\/2023\\\/10\\\/4ELLE-SOLA-ZA-ZENSKO-ENERGIJO-IN-MANIFESTACIJO-SANDRA-MARS-1024x577.jpg\"},{\"@type\":\"BreadcrumbList\",\"@id\":\"https:\\\/\\\/sandra-mars.com\\\/dogodki-delavnice\\\/#breadcrumb\",\"itemListElement\":[{\"@type\":\"ListItem\",\"position\":1,\"name\":\"Home\",\"item\":\"https:\\\/\\\/sandra-mars.com\\\/\"},{\"@type\":\"ListItem\",\"position\":2,\"name\":\"DOGODKI\\\/DELAVNICE\"}]},{\"@type\":\"WebSite\",\"@id\":\"https:\\\/\\\/sandra-mars.com\\\/#website\",\"url\":\"https:\\\/\\\/sandra-mars.com\\\/\",\"name\":\"\",\"description\":\"\",\"potentialAction\":[{\"@type\":\"SearchAction\",\"target\":{\"@type\":\"EntryPoint\",\"urlTemplate\":\"https:\\\/\\\/sandra-mars.com\\\/?s={search_term_string}\"},\"query-input\":{\"@type\":\"PropertyValueSpecification\",\"valueRequired\":true,\"valueName\":\"search_term_string\"}}],\"inLanguage\":\"en-US\"}]}<\/script>\n<!-- \/ Yoast SEO plugin. -->","yoast_head_json":{"title":"DOGODKI\/DELAVNICE -","robots":{"index":"index","follow":"follow","max-snippet":"max-snippet:-1","max-image-preview":"max-image-preview:large","max-video-preview":"max-video-preview:-1"},"canonical":"https:\/\/sandra-mars.com\/en\/dogodki-delavnice\/","og_locale":"en_US","og_type":"article","og_title":"DOGODKI\/DELAVNICE -","og_description":"4 Elle delavnice in dogodki za \u017eenske Dogodki in delavnice za \u017eenske namenjene delu na sebi, aktivaciji \u017eenske energije, povezovanju in dru\u017eenju. Dogodki se odvijajo v \u017eivo v Kopru za omejeno \u0161tevilo udele\u017eenk. Prijavi se na e-novi\u010dke, \u010de \u017eeli\u0161 bit obve\u0161\u010dena kdaj bo naslednji. Beri ve\u010d&#8230; NOVember je mesec novih za\u010detkov! Prihaja 4Elle \u0161ola za &hellip;","og_url":"https:\/\/sandra-mars.com\/en\/dogodki-delavnice\/","article_modified_time":"2023-10-18T18:43:41+00:00","og_image":[{"url":"https:\/\/sandra-mars.com\/wp-content\/uploads\/2023\/10\/4ELLE-SOLA-ZA-ZENSKO-ENERGIJO-IN-MANIFESTACIJO-SANDRA-MARS-1024x577.jpg","type":"","width":"","height":""}],"twitter_card":"summary_large_image","twitter_misc":{"Est. reading time":"1 minute"},"schema":{"@context":"https:\/\/schema.org","@graph":[{"@type":"WebPage","@id":"https:\/\/sandra-mars.com\/dogodki-delavnice\/","url":"https:\/\/sandra-mars.com\/dogodki-delavnice\/","name":"DOGODKI\/DELAVNICE -","isPartOf":{"@id":"https:\/\/sandra-mars.com\/#website"},"primaryImageOfPage":{"@id":"https:\/\/sandra-mars.com\/dogodki-delavnice\/#primaryimage"},"image":{"@id":"https:\/\/sandra-mars.com\/dogodki-delavnice\/#primaryimage"},"thumbnailUrl":"https:\/\/sandra-mars.com\/wp-content\/uploads\/2023\/10\/4ELLE-SOLA-ZA-ZENSKO-ENERGIJO-IN-MANIFESTACIJO-SANDRA-MARS-1024x577.jpg","datePublished":"2022-08-12T07:24:35+00:00","dateModified":"2023-10-18T18:43:41+00:00","breadcrumb":{"@id":"https:\/\/sandra-mars.com\/dogodki-delavnice\/#breadcrumb"},"inLanguage":"en-US","potentialAction":[{"@type":"ReadAction","target":["https:\/\/sandra-mars.com\/dogodki-delavnice\/"]}]},{"@type":"ImageObject","inLanguage":"en-US","@id":"https:\/\/sandra-mars.com\/dogodki-delavnice\/#primaryimage","url":"https:\/\/sandra-mars.com\/wp-content\/uploads\/2023\/10\/4ELLE-SOLA-ZA-ZENSKO-ENERGIJO-IN-MANIFESTACIJO-SANDRA-MARS-1024x577.jpg","contentUrl":"https:\/\/sandra-mars.com\/wp-content\/uploads\/2023\/10\/4ELLE-SOLA-ZA-ZENSKO-ENERGIJO-IN-MANIFESTACIJO-SANDRA-MARS-1024x577.jpg"},{"@type":"BreadcrumbList","@id":"https:\/\/sandra-mars.com\/dogodki-delavnice\/#breadcrumb","itemListElement":[{"@type":"ListItem","position":1,"name":"Home","item":"https:\/\/sandra-mars.com\/"},{"@type":"ListItem","position":2,"name":"DOGODKI\/DELAVNICE"}]},{"@type":"WebSite","@id":"https:\/\/sandra-mars.com\/#website","url":"https:\/\/sandra-mars.com\/","name":"","description":"","potentialAction":[{"@type":"SearchAction","target":{"@type":"EntryPoint","urlTemplate":"https:\/\/sandra-mars.com\/?s={search_term_string}"},"query-input":{"@type":"PropertyValueSpecification","valueRequired":true,"valueName":"search_term_string"}}],"inLanguage":"en-US"}]}},"_links":{"self":[{"href":"https:\/\/sandra-mars.com\/en\/wp-json\/wp\/v2\/pages\/6522","targetHints":{"allow":["GET"]}}],"collection":[{"href":"https:\/\/sandra-mars.com\/en\/wp-json\/wp\/v2\/pages"}],"about":[{"href":"https:\/\/sandra-mars.com\/en\/wp-json\/wp\/v2\/types\/page"}],"author":[{"embeddable":true,"href":"https:\/\/sandra-mars.com\/en\/wp-json\/wp\/v2\/users\/1"}],"replies":[{"embeddable":true,"href":"https:\/\/sandra-mars.com\/en\/wp-json\/wp\/v2\/comments?post=6522"}],"version-history":[{"count":93,"href":"https:\/\/sandra-mars.com\/en\/wp-json\/wp\/v2\/pages\/6522\/revisions"}],"predecessor-version":[{"id":22940,"href":"https:\/\/sandra-mars.com\/en\/wp-json\/wp\/v2\/pages\/6522\/revisions\/22940"}],"wp:attachment":[{"href":"https:\/\/sandra-mars.com\/en\/wp-json\/wp\/v2\/media?parent=6522"}],"curies":[{"name":"wp","href":"https:\/\/api.w.org\/{rel}","templated":true}]}}