{"id":23002,"date":"2023-12-15T08:38:48","date_gmt":"2023-12-15T07:38:48","guid":{"rendered":"https:\/\/sandra-mars.com\/?post_type=product&#038;p=23002"},"modified":"2026-03-14T08:14:11","modified_gmt":"2026-03-14T07:14:11","slug":"karte","status":"publish","type":"product","link":"https:\/\/sandra-mars.com\/en\/karte\/","title":{"rendered":"Orakeljske karte Mars in Venera na Zemlji"},"content":{"rendered":"","protected":false},"excerpt":{"rendered":"<p><strong>Karte nosijo kanalizirana sporo\u010dila Boginje Venere in Boga Marsa<\/strong>, pre\u017eeta z naj\u010distej\u0161o vibracijo ljubezni. Podprejo te, da prebudi\u0161 ljubezen do samega sebe, najde\u0161 ljubezen, zgradi\u0161 bolj ljube\u010de in izpolnjujo\u010de odnose ter ustvari\u0161 tisto \u017eivljenje, ki ga ljubi\u0161! Te karte ne le vzpostavljajo povezavo \u017eensk z njihovo avtenti\u010dno \u017eensko energijo in mo\u0161kih z pravo mo\u0161ko energijo, temve\u010d ustvarjajo tudi zdrave, zavestne odnose. V teh odnosih se ohranja magneti\u010dna polarnost, ki zagotavlja ravnovesje, privla\u010dnost, globoko povezanost in intimnost \u2013 vse to tvori temelj zadovoljnega \u017eivljenja.<\/p>\n<p><strong>Komplet vsebuje 55 kart<\/strong><\/p>\n<p>Karte so idealne:<br \/>\n1.) energijsko podporo &#8211; amulet<br \/>\n2.) energijsko za\u0161\u010dito<br \/>\n3.) energijsko polnjenje in uravnove\u0161anje<br \/>\n4.) frekven\u010dno zdravljenje<br \/>\n5.) za izvajanje ritualov<br \/>\n6.) pridobivanje ve\u010d jasnosti in odgovore na tvoja vpra\u0161anja<br \/>\n7.) prejeti uvide, usmeritve in napotke za naprej<br \/>\n8.) dvig tvoje vibracije in raz\u0161iritev tvoje zavesti<br \/>\n9.) pove\u010dati ljubezen do sebe<br \/>\n10) v svoje odnose prinesti ve\u010d ljubezni in v svoje \u017eivljenje povabiti ve\u010d ljubezni<br \/>\n11) izbolj\u0161ati svoje \u017eivljenje in svoje odnose<br \/>\n12.) ustvarjanje energijske skladnosti in aktivacijo na\u0161e izvorne energije<br \/>\n13.) za manifestacijo ljubezni in bo\u017eanskega partnerstva<\/p>\n<p>Karte so pre\u017eete z naj\u010distej\u0161o in najvi\u0161jo vibracijo ljubezni in nosijo zelo mo\u010dno podporno energijo.\u00a0 \u017de samo s temo, ko jih prinesemo domov, ob\u010dutno dvignemo energijo na\u0161ega doma in njegovih \u010dlanov.<\/p>\n<p>\u010cAS DOSTAVE: 1 -2 delovnih dni.<\/p>\n<p>&nbsp;<\/p>\n<div class=\"yj6qo\"><\/div>\n<div class=\"adL\"><\/div>","protected":false},"featured_media":24647,"comment_status":"open","ping_status":"closed","template":"","meta":[],"product_brand":[],"product_cat":[17],"product_tag":[186,176,188,185,189,187,171],"class_list":{"0":"post-23002","1":"product","2":"type-product","3":"status-publish","4":"has-post-thumbnail","6":"product_cat-kristali","7":"product_tag-angelske-karte","8":"product_tag-ljubezen","9":"product_tag-odgovor","10":"product_tag-orakeljske-karte","11":"product_tag-partnerstvo","12":"product_tag-preroske-karte","13":"product_tag-zenska-energija","14":"grid-sizer","16":"first","17":"instock","18":"shipping-taxable","19":"purchasable","20":"product-type-simple"},"yoast_head":"<!-- This site is optimized with the Yoast SEO plugin v27.3 - https:\/\/yoast.com\/product\/yoast-seo-wordpress\/ -->\n<title>Orakeljske karte Mars in Venera na Zemlji -<\/title>\n<meta name=\"description\" content=\"Karte nosijo kanalizirana sporo\u010dila Boginje Venere in Boga Marsa, pre\u017eeta z naj\u010distej\u0161o vibracijo ljubezni. Podprejo te, da prebudi\u0161 ljubezen do samega sebe, najde\u0161 ljubezen, zgradi\u0161 bolj ljube\u010de in izpolnjujo\u010de odnose ter ustvari\u0161 tisto \u017eivljenje, ki ga ljubi\u0161! Te karte ne le vzpostavljajo povezavo \u017eensk z njihovo avtenti\u010dno \u017eensko energijo in mo\u0161kih z pravo mo\u0161ko energijo, temve\u010d ustvarjajo tudi zdrave, zavestne odnose. V teh odnosih se ohranja magneti\u010dna polarnost, ki zagotavlja ravnovesje, privla\u010dnost, globoko povezanost in intimnost \u2013 vse to tvori temelj zadovoljnega \u017eivljenja.\" \/>\n<meta name=\"robots\" content=\"index, follow, max-snippet:-1, max-image-preview:large, max-video-preview:-1\" \/>\n<link rel=\"canonical\" href=\"https:\/\/sandra-mars.com\/en\/karte\/\" \/>\n<meta property=\"og:locale\" content=\"en_US\" \/>\n<meta property=\"og:type\" content=\"article\" \/>\n<meta property=\"og:title\" content=\"Orakeljske karte Mars in Venera na Zemlji -\" \/>\n<meta property=\"og:description\" content=\"Karte nosijo kanalizirana sporo\u010dila Boginje Venere in Boga Marsa, pre\u017eeta z naj\u010distej\u0161o vibracijo ljubezni. Podprejo te, da prebudi\u0161 ljubezen do samega sebe, najde\u0161 ljubezen, zgradi\u0161 bolj ljube\u010de in izpolnjujo\u010de odnose ter ustvari\u0161 tisto \u017eivljenje, ki ga ljubi\u0161! Te karte ne le vzpostavljajo povezavo \u017eensk z njihovo avtenti\u010dno \u017eensko energijo in mo\u0161kih z pravo mo\u0161ko energijo, temve\u010d ustvarjajo tudi zdrave, zavestne odnose. V teh odnosih se ohranja magneti\u010dna polarnost, ki zagotavlja ravnovesje, privla\u010dnost, globoko povezanost in intimnost \u2013 vse to tvori temelj zadovoljnega \u017eivljenja.\" \/>\n<meta property=\"og:url\" content=\"https:\/\/sandra-mars.com\/en\/karte\/\" \/>\n<meta property=\"article:modified_time\" content=\"2026-03-14T07:14:11+00:00\" \/>\n<meta property=\"og:image\" content=\"https:\/\/sandra-mars.com\/wp-content\/uploads\/2023\/12\/Karte-Mars-in-Venera-na-Zemlji-2.jpg\" \/>\n\t<meta property=\"og:image:width\" content=\"1200\" \/>\n\t<meta property=\"og:image:height\" content=\"1200\" \/>\n\t<meta property=\"og:image:type\" content=\"image\/jpeg\" \/>\n<meta name=\"twitter:card\" content=\"summary_large_image\" \/>\n<meta name=\"twitter:label1\" content=\"Est. reading time\" \/>\n\t<meta name=\"twitter:data1\" content=\"1 minute\" \/>\n<script type=\"application\/ld+json\" class=\"yoast-schema-graph\">{\"@context\":\"https:\\\/\\\/schema.org\",\"@graph\":[{\"@type\":\"WebPage\",\"@id\":\"https:\\\/\\\/sandra-mars.com\\\/karte\\\/\",\"url\":\"https:\\\/\\\/sandra-mars.com\\\/karte\\\/\",\"name\":\"Orakeljske karte Mars in Venera na Zemlji -\",\"isPartOf\":{\"@id\":\"https:\\\/\\\/sandra-mars.com\\\/#website\"},\"primaryImageOfPage\":{\"@id\":\"https:\\\/\\\/sandra-mars.com\\\/karte\\\/#primaryimage\"},\"image\":{\"@id\":\"https:\\\/\\\/sandra-mars.com\\\/karte\\\/#primaryimage\"},\"thumbnailUrl\":\"https:\\\/\\\/sandra-mars.com\\\/wp-content\\\/uploads\\\/2023\\\/12\\\/Karte-Mars-in-Venera-na-Zemlji-2.jpg\",\"datePublished\":\"2023-12-15T07:38:48+00:00\",\"dateModified\":\"2026-03-14T07:14:11+00:00\",\"description\":\"Karte nosijo kanalizirana sporo\u010dila Boginje Venere in Boga Marsa, pre\u017eeta z naj\u010distej\u0161o vibracijo ljubezni. Podprejo te, da prebudi\u0161 ljubezen do samega sebe, najde\u0161 ljubezen, zgradi\u0161 bolj ljube\u010de in izpolnjujo\u010de odnose ter ustvari\u0161 tisto \u017eivljenje, ki ga ljubi\u0161! Te karte ne le vzpostavljajo povezavo \u017eensk z njihovo avtenti\u010dno \u017eensko energijo in mo\u0161kih z pravo mo\u0161ko energijo, temve\u010d ustvarjajo tudi zdrave, zavestne odnose. V teh odnosih se ohranja magneti\u010dna polarnost, ki zagotavlja ravnovesje, privla\u010dnost, globoko povezanost in intimnost \u2013 vse to tvori temelj zadovoljnega \u017eivljenja.\",\"breadcrumb\":{\"@id\":\"https:\\\/\\\/sandra-mars.com\\\/karte\\\/#breadcrumb\"},\"inLanguage\":\"en-US\",\"potentialAction\":[{\"@type\":\"ReadAction\",\"target\":[\"https:\\\/\\\/sandra-mars.com\\\/karte\\\/\"]}]},{\"@type\":\"ImageObject\",\"inLanguage\":\"en-US\",\"@id\":\"https:\\\/\\\/sandra-mars.com\\\/karte\\\/#primaryimage\",\"url\":\"https:\\\/\\\/sandra-mars.com\\\/wp-content\\\/uploads\\\/2023\\\/12\\\/Karte-Mars-in-Venera-na-Zemlji-2.jpg\",\"contentUrl\":\"https:\\\/\\\/sandra-mars.com\\\/wp-content\\\/uploads\\\/2023\\\/12\\\/Karte-Mars-in-Venera-na-Zemlji-2.jpg\",\"width\":1200,\"height\":1200},{\"@type\":\"BreadcrumbList\",\"@id\":\"https:\\\/\\\/sandra-mars.com\\\/karte\\\/#breadcrumb\",\"itemListElement\":[{\"@type\":\"ListItem\",\"position\":1,\"name\":\"Home\",\"item\":\"https:\\\/\\\/sandra-mars.com\\\/\"},{\"@type\":\"ListItem\",\"position\":2,\"name\":\"TRGOVINA\",\"item\":\"https:\\\/\\\/sandra-mars.com\\\/trgovina-1\\\/\"},{\"@type\":\"ListItem\",\"position\":3,\"name\":\"Orakeljske karte Mars in Venera na Zemlji\"}]},{\"@type\":\"WebSite\",\"@id\":\"https:\\\/\\\/sandra-mars.com\\\/#website\",\"url\":\"https:\\\/\\\/sandra-mars.com\\\/\",\"name\":\"\",\"description\":\"\",\"potentialAction\":[{\"@type\":\"SearchAction\",\"target\":{\"@type\":\"EntryPoint\",\"urlTemplate\":\"https:\\\/\\\/sandra-mars.com\\\/?s={search_term_string}\"},\"query-input\":{\"@type\":\"PropertyValueSpecification\",\"valueRequired\":true,\"valueName\":\"search_term_string\"}}],\"inLanguage\":\"en-US\"}]}<\/script>\n<!-- \/ Yoast SEO plugin. -->","yoast_head_json":{"title":"Orakeljske karte Mars in Venera na Zemlji -","description":"Karte nosijo kanalizirana sporo\u010dila Boginje Venere in Boga Marsa, pre\u017eeta z naj\u010distej\u0161o vibracijo ljubezni. Podprejo te, da prebudi\u0161 ljubezen do samega sebe, najde\u0161 ljubezen, zgradi\u0161 bolj ljube\u010de in izpolnjujo\u010de odnose ter ustvari\u0161 tisto \u017eivljenje, ki ga ljubi\u0161! Te karte ne le vzpostavljajo povezavo \u017eensk z njihovo avtenti\u010dno \u017eensko energijo in mo\u0161kih z pravo mo\u0161ko energijo, temve\u010d ustvarjajo tudi zdrave, zavestne odnose. V teh odnosih se ohranja magneti\u010dna polarnost, ki zagotavlja ravnovesje, privla\u010dnost, globoko povezanost in intimnost \u2013 vse to tvori temelj zadovoljnega \u017eivljenja.","robots":{"index":"index","follow":"follow","max-snippet":"max-snippet:-1","max-image-preview":"max-image-preview:large","max-video-preview":"max-video-preview:-1"},"canonical":"https:\/\/sandra-mars.com\/en\/karte\/","og_locale":"en_US","og_type":"article","og_title":"Orakeljske karte Mars in Venera na Zemlji -","og_description":"Karte nosijo kanalizirana sporo\u010dila Boginje Venere in Boga Marsa, pre\u017eeta z naj\u010distej\u0161o vibracijo ljubezni. Podprejo te, da prebudi\u0161 ljubezen do samega sebe, najde\u0161 ljubezen, zgradi\u0161 bolj ljube\u010de in izpolnjujo\u010de odnose ter ustvari\u0161 tisto \u017eivljenje, ki ga ljubi\u0161! Te karte ne le vzpostavljajo povezavo \u017eensk z njihovo avtenti\u010dno \u017eensko energijo in mo\u0161kih z pravo mo\u0161ko energijo, temve\u010d ustvarjajo tudi zdrave, zavestne odnose. V teh odnosih se ohranja magneti\u010dna polarnost, ki zagotavlja ravnovesje, privla\u010dnost, globoko povezanost in intimnost \u2013 vse to tvori temelj zadovoljnega \u017eivljenja.","og_url":"https:\/\/sandra-mars.com\/en\/karte\/","article_modified_time":"2026-03-14T07:14:11+00:00","og_image":[{"width":1200,"height":1200,"url":"https:\/\/sandra-mars.com\/wp-content\/uploads\/2023\/12\/Karte-Mars-in-Venera-na-Zemlji-2.jpg","type":"image\/jpeg"}],"twitter_card":"summary_large_image","twitter_misc":{"Est. reading time":"1 minute"},"schema":{"@context":"https:\/\/schema.org","@graph":[{"@type":"WebPage","@id":"https:\/\/sandra-mars.com\/karte\/","url":"https:\/\/sandra-mars.com\/karte\/","name":"Orakeljske karte Mars in Venera na Zemlji -","isPartOf":{"@id":"https:\/\/sandra-mars.com\/#website"},"primaryImageOfPage":{"@id":"https:\/\/sandra-mars.com\/karte\/#primaryimage"},"image":{"@id":"https:\/\/sandra-mars.com\/karte\/#primaryimage"},"thumbnailUrl":"https:\/\/sandra-mars.com\/wp-content\/uploads\/2023\/12\/Karte-Mars-in-Venera-na-Zemlji-2.jpg","datePublished":"2023-12-15T07:38:48+00:00","dateModified":"2026-03-14T07:14:11+00:00","description":"Karte nosijo kanalizirana sporo\u010dila Boginje Venere in Boga Marsa, pre\u017eeta z naj\u010distej\u0161o vibracijo ljubezni. Podprejo te, da prebudi\u0161 ljubezen do samega sebe, najde\u0161 ljubezen, zgradi\u0161 bolj ljube\u010de in izpolnjujo\u010de odnose ter ustvari\u0161 tisto \u017eivljenje, ki ga ljubi\u0161! Te karte ne le vzpostavljajo povezavo \u017eensk z njihovo avtenti\u010dno \u017eensko energijo in mo\u0161kih z pravo mo\u0161ko energijo, temve\u010d ustvarjajo tudi zdrave, zavestne odnose. V teh odnosih se ohranja magneti\u010dna polarnost, ki zagotavlja ravnovesje, privla\u010dnost, globoko povezanost in intimnost \u2013 vse to tvori temelj zadovoljnega \u017eivljenja.","breadcrumb":{"@id":"https:\/\/sandra-mars.com\/karte\/#breadcrumb"},"inLanguage":"en-US","potentialAction":[{"@type":"ReadAction","target":["https:\/\/sandra-mars.com\/karte\/"]}]},{"@type":"ImageObject","inLanguage":"en-US","@id":"https:\/\/sandra-mars.com\/karte\/#primaryimage","url":"https:\/\/sandra-mars.com\/wp-content\/uploads\/2023\/12\/Karte-Mars-in-Venera-na-Zemlji-2.jpg","contentUrl":"https:\/\/sandra-mars.com\/wp-content\/uploads\/2023\/12\/Karte-Mars-in-Venera-na-Zemlji-2.jpg","width":1200,"height":1200},{"@type":"BreadcrumbList","@id":"https:\/\/sandra-mars.com\/karte\/#breadcrumb","itemListElement":[{"@type":"ListItem","position":1,"name":"Home","item":"https:\/\/sandra-mars.com\/"},{"@type":"ListItem","position":2,"name":"TRGOVINA","item":"https:\/\/sandra-mars.com\/trgovina-1\/"},{"@type":"ListItem","position":3,"name":"Orakeljske karte Mars in Venera na Zemlji"}]},{"@type":"WebSite","@id":"https:\/\/sandra-mars.com\/#website","url":"https:\/\/sandra-mars.com\/","name":"","description":"","potentialAction":[{"@type":"SearchAction","target":{"@type":"EntryPoint","urlTemplate":"https:\/\/sandra-mars.com\/?s={search_term_string}"},"query-input":{"@type":"PropertyValueSpecification","valueRequired":true,"valueName":"search_term_string"}}],"inLanguage":"en-US"}]}},"_links":{"self":[{"href":"https:\/\/sandra-mars.com\/en\/wp-json\/wp\/v2\/product\/23002","targetHints":{"allow":["GET"]}}],"collection":[{"href":"https:\/\/sandra-mars.com\/en\/wp-json\/wp\/v2\/product"}],"about":[{"href":"https:\/\/sandra-mars.com\/en\/wp-json\/wp\/v2\/types\/product"}],"replies":[{"embeddable":true,"href":"https:\/\/sandra-mars.com\/en\/wp-json\/wp\/v2\/comments?post=23002"}],"wp:featuredmedia":[{"embeddable":true,"href":"https:\/\/sandra-mars.com\/en\/wp-json\/wp\/v2\/media\/24647"}],"wp:attachment":[{"href":"https:\/\/sandra-mars.com\/en\/wp-json\/wp\/v2\/media?parent=23002"}],"wp:term":[{"taxonomy":"product_brand","embeddable":true,"href":"https:\/\/sandra-mars.com\/en\/wp-json\/wp\/v2\/product_brand?post=23002"},{"taxonomy":"product_cat","embeddable":true,"href":"https:\/\/sandra-mars.com\/en\/wp-json\/wp\/v2\/product_cat?post=23002"},{"taxonomy":"product_tag","embeddable":true,"href":"https:\/\/sandra-mars.com\/en\/wp-json\/wp\/v2\/product_tag?post=23002"}],"curies":[{"name":"wp","href":"https:\/\/api.w.org\/{rel}","templated":true}]}}